{"id":1604,"date":"2020-05-19T20:39:01","date_gmt":"2020-05-19T19:39:01","guid":{"rendered":"https:\/\/www.mfg-holzland.de\/?page_id=1604"},"modified":"2022-02-20T16:17:30","modified_gmt":"2022-02-20T15:17:30","slug":"bilder-und-videos-2014-2018","status":"publish","type":"page","link":"https:\/\/www.mfg-holzland.de\/?page_id=1604","title":{"rendered":"Bilder und Videos 2014-2018"},"content":{"rendered":"\t\t<div data-elementor-type=\"wp-page\" data-elementor-id=\"1604\" class=\"elementor elementor-1604\">\n\t\t\t\t\t\t<section class=\"elementor-section elementor-top-section elementor-element elementor-element-34d1870 elementor-section-boxed elementor-section-height-default elementor-section-height-default\" data-id=\"34d1870\" data-element_type=\"section\" data-e-type=\"section\">\n\t\t\t\t\t\t<div class=\"elementor-container elementor-column-gap-default\">\n\t\t\t\t\t<div class=\"elementor-column elementor-col-100 elementor-top-column elementor-element elementor-element-5c2ac16\" data-id=\"5c2ac16\" data-element_type=\"column\" data-e-type=\"column\">\n\t\t\t<div class=\"elementor-widget-wrap elementor-element-populated\">\n\t\t\t\t\t\t<div class=\"elementor-element elementor-element-ac91574 elementor-widget elementor-widget-heading\" data-id=\"ac91574\" data-element_type=\"widget\" data-e-type=\"widget\" data-widget_type=\"heading.default\">\n\t\t\t\t<div class=\"elementor-widget-container\">\n\t\t\t\t\t<h2 class=\"elementor-heading-title elementor-size-default\">Bilder und Videos 2014-18<\/h2>\t\t\t\t<\/div>\n\t\t\t\t<\/div>\n\t\t\t\t\t<\/div>\n\t\t<\/div>\n\t\t\t\t\t<\/div>\n\t\t<\/section>\n\t\t\t\t<section class=\"elementor-section elementor-top-section elementor-element elementor-element-e5e5eff elementor-section-boxed elementor-section-height-default elementor-section-height-default\" data-id=\"e5e5eff\" data-element_type=\"section\" data-e-type=\"section\">\n\t\t\t\t\t\t<div class=\"elementor-container elementor-column-gap-default\">\n\t\t\t\t\t<div class=\"elementor-column elementor-col-100 elementor-top-column elementor-element elementor-element-cf5cfa2\" data-id=\"cf5cfa2\" data-element_type=\"column\" data-e-type=\"column\">\n\t\t\t<div class=\"elementor-widget-wrap elementor-element-populated\">\n\t\t\t\t\t\t<div class=\"elementor-element elementor-element-ee1b66e elementor-widget elementor-widget-spacer\" data-id=\"ee1b66e\" data-element_type=\"widget\" data-e-type=\"widget\" data-widget_type=\"spacer.default\">\n\t\t\t\t<div class=\"elementor-widget-container\">\n\t\t\t\t\t\t\t<div class=\"elementor-spacer\">\n\t\t\t<div class=\"elementor-spacer-inner\"><\/div>\n\t\t<\/div>\n\t\t\t\t\t\t<\/div>\n\t\t\t\t<\/div>\n\t\t\t\t\t<\/div>\n\t\t<\/div>\n\t\t\t\t\t<\/div>\n\t\t<\/section>\n\t\t\t\t<section class=\"elementor-section elementor-top-section elementor-element elementor-element-e6b5c8e elementor-section-boxed elementor-section-height-default elementor-section-height-default\" data-id=\"e6b5c8e\" data-element_type=\"section\" data-e-type=\"section\">\n\t\t\t\t\t\t<div class=\"elementor-container elementor-column-gap-default\">\n\t\t\t\t\t<div class=\"elementor-column elementor-col-100 elementor-top-column elementor-element elementor-element-66ececc\" data-id=\"66ececc\" data-element_type=\"column\" data-e-type=\"column\">\n\t\t\t<div class=\"elementor-widget-wrap elementor-element-populated\">\n\t\t\t\t\t\t<div class=\"elementor-element elementor-element-f973a5e elementor-widget elementor-widget-text-editor\" data-id=\"f973a5e\" data-element_type=\"widget\" data-e-type=\"widget\" data-widget_type=\"text-editor.default\">\n\t\t\t\t<div class=\"elementor-widget-container\">\n\t\t\t\t\t\t\t\t\t<p>Wenn in den Archiven zu Hause noch sch\u00f6ne Vereinsfotos gefunden werden, k\u00f6nnen sie hier gerne pr\u00e4sentiert werden. Einfach Papierfotos digital abfotografieren und zumailen&#8230;<\/p>\t\t\t\t\t\t\t\t<\/div>\n\t\t\t\t<\/div>\n\t\t\t\t\t<\/div>\n\t\t<\/div>\n\t\t\t\t\t<\/div>\n\t\t<\/section>\n\t\t\t\t<section class=\"elementor-section elementor-top-section elementor-element elementor-element-fde703b elementor-section-boxed elementor-section-height-default elementor-section-height-default\" data-id=\"fde703b\" data-element_type=\"section\" data-e-type=\"section\">\n\t\t\t\t\t\t<div class=\"elementor-container elementor-column-gap-default\">\n\t\t\t\t\t<div class=\"elementor-column elementor-col-100 elementor-top-column elementor-element elementor-element-815111c\" data-id=\"815111c\" data-element_type=\"column\" data-e-type=\"column\">\n\t\t\t<div class=\"elementor-widget-wrap elementor-element-populated\">\n\t\t\t\t\t\t\t<\/div>\n\t\t<\/div>\n\t\t\t\t\t<\/div>\n\t\t<\/section>\n\t\t\t\t<section class=\"elementor-section elementor-top-section elementor-element elementor-element-9a630e3 elementor-section-boxed elementor-section-height-default elementor-section-height-default\" data-id=\"9a630e3\" data-element_type=\"section\" data-e-type=\"section\">\n\t\t\t\t\t\t<div class=\"elementor-container elementor-column-gap-default\">\n\t\t\t\t\t<div class=\"elementor-column elementor-col-100 elementor-top-column elementor-element elementor-element-ec3fcce\" data-id=\"ec3fcce\" data-element_type=\"column\" data-e-type=\"column\">\n\t\t\t<div class=\"elementor-widget-wrap elementor-element-populated\">\n\t\t\t\t\t\t<div class=\"elementor-element elementor-element-8077443 elementor-widget elementor-widget-image-gallery\" data-id=\"8077443\" data-element_type=\"widget\" data-e-type=\"widget\" data-widget_type=\"image-gallery.default\">\n\t\t\t\t<div class=\"elementor-widget-container\">\n\t\t\t\t\t\t\t<div class=\"elementor-image-gallery\">\n\t\t\t<div id='gallery-1' class='gallery galleryid-1604 gallery-columns-4 gallery-size-thumbnail'><figure class='gallery-item'>\n\t\t\t<div class='gallery-icon portrait'>\n\t\t\t\t<a data-elementor-open-lightbox=\"yes\" data-elementor-lightbox-slideshow=\"8077443\" data-elementor-lightbox-title=\"20140914_151623\" data-e-action-hash=\"#elementor-action%3Aaction%3Dlightbox%26settings%3DeyJpZCI6MzY2OSwidXJsIjoiaHR0cHM6XC9cL3d3dy5tZmctaG9semxhbmQuZGVcL3dwLWNvbnRlbnRcL3VwbG9hZHNcLzIwMjJcLzAyXC8yMDE0MDkxNF8xNTE2MjMtc2NhbGVkLmpwZyIsInNsaWRlc2hvdyI6IjgwNzc0NDMifQ%3D%3D\" href='https:\/\/www.mfg-holzland.de\/wp-content\/uploads\/2022\/02\/20140914_151623-scaled.jpg'><img decoding=\"async\" width=\"150\" height=\"150\" src=\"https:\/\/www.mfg-holzland.de\/wp-content\/uploads\/2022\/02\/20140914_151623-150x150.jpg\" class=\"attachment-thumbnail size-thumbnail\" alt=\"\" aria-describedby=\"gallery-1-3669\" \/><\/a>\n\t\t\t<\/div>\n\t\t\t\t<figcaption class='wp-caption-text gallery-caption' id='gallery-1-3669'>\n\t\t\t\tGrumbeerebrode 2014\n\t\t\t\t<\/figcaption><\/figure><figure class='gallery-item'>\n\t\t\t<div class='gallery-icon portrait'>\n\t\t\t\t<a data-elementor-open-lightbox=\"yes\" data-elementor-lightbox-slideshow=\"8077443\" data-elementor-lightbox-title=\"20140914_130038_1\" data-e-action-hash=\"#elementor-action%3Aaction%3Dlightbox%26settings%3DeyJpZCI6MzY2NywidXJsIjoiaHR0cHM6XC9cL3d3dy5tZmctaG9semxhbmQuZGVcL3dwLWNvbnRlbnRcL3VwbG9hZHNcLzIwMjJcLzAyXC8yMDE0MDkxNF8xMzAwMzhfMS1zY2FsZWQuanBnIiwic2xpZGVzaG93IjoiODA3NzQ0MyJ9\" href='https:\/\/www.mfg-holzland.de\/wp-content\/uploads\/2022\/02\/20140914_130038_1-scaled.jpg'><img decoding=\"async\" width=\"150\" height=\"150\" src=\"https:\/\/www.mfg-holzland.de\/wp-content\/uploads\/2022\/02\/20140914_130038_1-150x150.jpg\" class=\"attachment-thumbnail size-thumbnail\" alt=\"\" aria-describedby=\"gallery-1-3667\" \/><\/a>\n\t\t\t<\/div>\n\t\t\t\t<figcaption class='wp-caption-text gallery-caption' id='gallery-1-3667'>\n\t\t\t\tGrumbeerebrode 2014\n\t\t\t\t<\/figcaption><\/figure><figure class='gallery-item'>\n\t\t\t<div class='gallery-icon portrait'>\n\t\t\t\t<a data-elementor-open-lightbox=\"yes\" data-elementor-lightbox-slideshow=\"8077443\" data-elementor-lightbox-title=\"20140914_111923\" data-e-action-hash=\"#elementor-action%3Aaction%3Dlightbox%26settings%3DeyJpZCI6MzY2MCwidXJsIjoiaHR0cHM6XC9cL3d3dy5tZmctaG9semxhbmQuZGVcL3dwLWNvbnRlbnRcL3VwbG9hZHNcLzIwMjJcLzAyXC8yMDE0MDkxNF8xMTE5MjMtc2NhbGVkLmpwZyIsInNsaWRlc2hvdyI6IjgwNzc0NDMifQ%3D%3D\" href='https:\/\/www.mfg-holzland.de\/wp-content\/uploads\/2022\/02\/20140914_111923-scaled.jpg'><img decoding=\"async\" width=\"150\" height=\"150\" src=\"https:\/\/www.mfg-holzland.de\/wp-content\/uploads\/2022\/02\/20140914_111923-150x150.jpg\" class=\"attachment-thumbnail size-thumbnail\" alt=\"\" aria-describedby=\"gallery-1-3660\" \/><\/a>\n\t\t\t<\/div>\n\t\t\t\t<figcaption class='wp-caption-text gallery-caption' id='gallery-1-3660'>\n\t\t\t\tGrumbeerebrode 2014\n\t\t\t\t<\/figcaption><\/figure><figure class='gallery-item'>\n\t\t\t<div class='gallery-icon landscape'>\n\t\t\t\t<a data-elementor-open-lightbox=\"yes\" data-elementor-lightbox-slideshow=\"8077443\" data-elementor-lightbox-title=\"20140914_130045(0)v2hb\" data-e-action-hash=\"#elementor-action%3Aaction%3Dlightbox%26settings%3DeyJpZCI6Mzc3MCwidXJsIjoiaHR0cHM6XC9cL3d3dy5tZmctaG9semxhbmQuZGVcL3dwLWNvbnRlbnRcL3VwbG9hZHNcLzIwMjJcLzAyXC8yMDE0MDkxNF8xMzAwNDUwdjJoYi1zY2FsZWQuanBnIiwic2xpZGVzaG93IjoiODA3NzQ0MyJ9\" href='https:\/\/www.mfg-holzland.de\/wp-content\/uploads\/2022\/02\/20140914_1300450v2hb-scaled.jpg'><img loading=\"lazy\" decoding=\"async\" width=\"150\" height=\"150\" src=\"https:\/\/www.mfg-holzland.de\/wp-content\/uploads\/2022\/02\/20140914_1300450v2hb-150x150.jpg\" class=\"attachment-thumbnail size-thumbnail\" alt=\"\" aria-describedby=\"gallery-1-3770\" \/><\/a>\n\t\t\t<\/div>\n\t\t\t\t<figcaption class='wp-caption-text gallery-caption' id='gallery-1-3770'>\n\t\t\t\tGrumbeerebrode 2014\n\t\t\t\t<\/figcaption><\/figure><figure class='gallery-item'>\n\t\t\t<div class='gallery-icon portrait'>\n\t\t\t\t<a data-elementor-open-lightbox=\"yes\" data-elementor-lightbox-slideshow=\"8077443\" data-elementor-lightbox-title=\"20140914_124259v2hb\" data-e-action-hash=\"#elementor-action%3Aaction%3Dlightbox%26settings%3DeyJpZCI6Mzc3MSwidXJsIjoiaHR0cHM6XC9cL3d3dy5tZmctaG9semxhbmQuZGVcL3dwLWNvbnRlbnRcL3VwbG9hZHNcLzIwMjJcLzAyXC8yMDE0MDkxNF8xMjQyNTl2MmhiLXNjYWxlZC5qcGciLCJzbGlkZXNob3ciOiI4MDc3NDQzIn0%3D\" href='https:\/\/www.mfg-holzland.de\/wp-content\/uploads\/2022\/02\/20140914_124259v2hb-scaled.jpg'><img loading=\"lazy\" decoding=\"async\" width=\"150\" height=\"150\" src=\"https:\/\/www.mfg-holzland.de\/wp-content\/uploads\/2022\/02\/20140914_124259v2hb-150x150.jpg\" class=\"attachment-thumbnail size-thumbnail\" alt=\"\" aria-describedby=\"gallery-1-3771\" \/><\/a>\n\t\t\t<\/div>\n\t\t\t\t<figcaption class='wp-caption-text gallery-caption' id='gallery-1-3771'>\n\t\t\t\tGrumbeerebrode 2014\n\t\t\t\t<\/figcaption><\/figure><figure class='gallery-item'>\n\t\t\t<div class='gallery-icon portrait'>\n\t\t\t\t<a data-elementor-open-lightbox=\"yes\" data-elementor-lightbox-slideshow=\"8077443\" data-elementor-lightbox-title=\"20140914_130033v2hb\" data-e-action-hash=\"#elementor-action%3Aaction%3Dlightbox%26settings%3DeyJpZCI6Mzc3MiwidXJsIjoiaHR0cHM6XC9cL3d3dy5tZmctaG9semxhbmQuZGVcL3dwLWNvbnRlbnRcL3VwbG9hZHNcLzIwMjJcLzAyXC8yMDE0MDkxNF8xMzAwMzN2MmhiLXNjYWxlZC5qcGciLCJzbGlkZXNob3ciOiI4MDc3NDQzIn0%3D\" href='https:\/\/www.mfg-holzland.de\/wp-content\/uploads\/2022\/02\/20140914_130033v2hb-scaled.jpg'><img loading=\"lazy\" decoding=\"async\" width=\"150\" height=\"150\" src=\"https:\/\/www.mfg-holzland.de\/wp-content\/uploads\/2022\/02\/20140914_130033v2hb-150x150.jpg\" class=\"attachment-thumbnail size-thumbnail\" alt=\"\" aria-describedby=\"gallery-1-3772\" \/><\/a>\n\t\t\t<\/div>\n\t\t\t\t<figcaption class='wp-caption-text gallery-caption' id='gallery-1-3772'>\n\t\t\t\tGrumbeerebrode 2014\n\t\t\t\t<\/figcaption><\/figure><figure class='gallery-item'>\n\t\t\t<div class='gallery-icon portrait'>\n\t\t\t\t<a data-elementor-open-lightbox=\"yes\" data-elementor-lightbox-slideshow=\"8077443\" data-elementor-lightbox-title=\"20140914_111949\" data-e-action-hash=\"#elementor-action%3Aaction%3Dlightbox%26settings%3DeyJpZCI6Mzc3OSwidXJsIjoiaHR0cHM6XC9cL3d3dy5tZmctaG9semxhbmQuZGVcL3dwLWNvbnRlbnRcL3VwbG9hZHNcLzIwMjJcLzAyXC8yMDE0MDkxNF8xMTE5NDktMS1zY2FsZWQuanBnIiwic2xpZGVzaG93IjoiODA3NzQ0MyJ9\" href='https:\/\/www.mfg-holzland.de\/wp-content\/uploads\/2022\/02\/20140914_111949-1-scaled.jpg'><img loading=\"lazy\" decoding=\"async\" width=\"150\" height=\"150\" src=\"https:\/\/www.mfg-holzland.de\/wp-content\/uploads\/2022\/02\/20140914_111949-1-150x150.jpg\" class=\"attachment-thumbnail size-thumbnail\" alt=\"\" aria-describedby=\"gallery-1-3779\" \/><\/a>\n\t\t\t<\/div>\n\t\t\t\t<figcaption class='wp-caption-text gallery-caption' id='gallery-1-3779'>\n\t\t\t\tGrumbeerebrode 2014\n\t\t\t\t<\/figcaption><\/figure><figure class='gallery-item'>\n\t\t\t<div class='gallery-icon landscape'>\n\t\t\t\t<a data-elementor-open-lightbox=\"yes\" data-elementor-lightbox-slideshow=\"8077443\" data-elementor-lightbox-title=\"20140914_124246\" data-e-action-hash=\"#elementor-action%3Aaction%3Dlightbox%26settings%3DeyJpZCI6Mzc4MCwidXJsIjoiaHR0cHM6XC9cL3d3dy5tZmctaG9semxhbmQuZGVcL3dwLWNvbnRlbnRcL3VwbG9hZHNcLzIwMjJcLzAyXC8yMDE0MDkxNF8xMjQyNDYtMS1zY2FsZWQuanBnIiwic2xpZGVzaG93IjoiODA3NzQ0MyJ9\" href='https:\/\/www.mfg-holzland.de\/wp-content\/uploads\/2022\/02\/20140914_124246-1-scaled.jpg'><img loading=\"lazy\" decoding=\"async\" width=\"150\" height=\"150\" src=\"https:\/\/www.mfg-holzland.de\/wp-content\/uploads\/2022\/02\/20140914_124246-1-150x150.jpg\" class=\"attachment-thumbnail size-thumbnail\" alt=\"\" aria-describedby=\"gallery-1-3780\" \/><\/a>\n\t\t\t<\/div>\n\t\t\t\t<figcaption class='wp-caption-text gallery-caption' id='gallery-1-3780'>\n\t\t\t\tGrumbeerebrode 2014\n\t\t\t\t<\/figcaption><\/figure><figure class='gallery-item'>\n\t\t\t<div class='gallery-icon portrait'>\n\t\t\t\t<a data-elementor-open-lightbox=\"yes\" data-elementor-lightbox-slideshow=\"8077443\" data-elementor-lightbox-title=\"20140914_124222\" data-e-action-hash=\"#elementor-action%3Aaction%3Dlightbox%26settings%3DeyJpZCI6Mzc4MSwidXJsIjoiaHR0cHM6XC9cL3d3dy5tZmctaG9semxhbmQuZGVcL3dwLWNvbnRlbnRcL3VwbG9hZHNcLzIwMjJcLzAyXC8yMDE0MDkxNF8xMjQyMjItMS1zY2FsZWQuanBnIiwic2xpZGVzaG93IjoiODA3NzQ0MyJ9\" href='https:\/\/www.mfg-holzland.de\/wp-content\/uploads\/2022\/02\/20140914_124222-1-scaled.jpg'><img loading=\"lazy\" decoding=\"async\" width=\"150\" height=\"150\" src=\"https:\/\/www.mfg-holzland.de\/wp-content\/uploads\/2022\/02\/20140914_124222-1-150x150.jpg\" class=\"attachment-thumbnail size-thumbnail\" alt=\"\" aria-describedby=\"gallery-1-3781\" \/><\/a>\n\t\t\t<\/div>\n\t\t\t\t<figcaption class='wp-caption-text gallery-caption' id='gallery-1-3781'>\n\t\t\t\tGrumbeerebrode 2014\n\t\t\t\t<\/figcaption><\/figure>\n\t\t<\/div>\n\t\t<\/div>\n\t\t\t\t\t\t<\/div>\n\t\t\t\t<\/div>\n\t\t\t\t\t<\/div>\n\t\t<\/div>\n\t\t\t\t\t<\/div>\n\t\t<\/section>\n\t\t\t\t<\/div>\n\t\t ","protected":false},"excerpt":{"rendered":"<p>Bilder und Videos 2014-18 Wenn in den Archiven zu Hause noch sch\u00f6ne Vereinsfotos gefunden werden, k\u00f6nnen sie hier gerne pr\u00e4sentiert<\/p>\n","protected":false},"author":1,"featured_media":0,"parent":0,"menu_order":0,"comment_status":"closed","ping_status":"closed","template":"","meta":{"colormag_page_container_layout":"default_layout","colormag_page_sidebar_layout":"default_layout","footnotes":""},"class_list":["post-1604","page","type-page","status-publish","hentry"],"jetpack_sharing_enabled":true,"_links":{"self":[{"href":"https:\/\/www.mfg-holzland.de\/index.php?rest_route=\/wp\/v2\/pages\/1604","targetHints":{"allow":["GET"]}}],"collection":[{"href":"https:\/\/www.mfg-holzland.de\/index.php?rest_route=\/wp\/v2\/pages"}],"about":[{"href":"https:\/\/www.mfg-holzland.de\/index.php?rest_route=\/wp\/v2\/types\/page"}],"author":[{"embeddable":true,"href":"https:\/\/www.mfg-holzland.de\/index.php?rest_route=\/wp\/v2\/users\/1"}],"replies":[{"embeddable":true,"href":"https:\/\/www.mfg-holzland.de\/index.php?rest_route=%2Fwp%2Fv2%2Fcomments&post=1604"}],"version-history":[{"count":31,"href":"https:\/\/www.mfg-holzland.de\/index.php?rest_route=\/wp\/v2\/pages\/1604\/revisions"}],"predecessor-version":[{"id":3785,"href":"https:\/\/www.mfg-holzland.de\/index.php?rest_route=\/wp\/v2\/pages\/1604\/revisions\/3785"}],"wp:attachment":[{"href":"https:\/\/www.mfg-holzland.de\/index.php?rest_route=%2Fwp%2Fv2%2Fmedia&parent=1604"}],"curies":[{"name":"wp","href":"https:\/\/api.w.org\/{rel}","templated":true}]}}