{"id":1718,"date":"2020-06-28T19:33:03","date_gmt":"2020-06-28T18:33:03","guid":{"rendered":"https:\/\/www.mfg-holzland.de\/?page_id=1718"},"modified":"2020-07-23T22:17:12","modified_gmt":"2020-07-23T21:17:12","slug":"super-stearman","status":"publish","type":"page","link":"https:\/\/www.mfg-holzland.de\/?page_id=1718","title":{"rendered":"Super Stearman"},"content":{"rendered":"\t\t<div data-elementor-type=\"wp-page\" data-elementor-id=\"1718\" class=\"elementor elementor-1718\">\n\t\t\t\t\t\t<section class=\"elementor-section elementor-top-section elementor-element elementor-element-3625c22 elementor-section-boxed elementor-section-height-default elementor-section-height-default\" data-id=\"3625c22\" data-element_type=\"section\" data-e-type=\"section\">\n\t\t\t\t\t\t<div class=\"elementor-container elementor-column-gap-default\">\n\t\t\t\t\t<div class=\"elementor-column elementor-col-100 elementor-top-column elementor-element elementor-element-d71298b\" data-id=\"d71298b\" data-element_type=\"column\" data-e-type=\"column\">\n\t\t\t<div class=\"elementor-widget-wrap elementor-element-populated\">\n\t\t\t\t\t\t<div class=\"elementor-element elementor-element-b973a44 elementor-widget elementor-widget-heading\" data-id=\"b973a44\" data-element_type=\"widget\" data-e-type=\"widget\" data-widget_type=\"heading.default\">\n\t\t\t\t<div class=\"elementor-widget-container\">\n\t\t\t\t\t<h2 class=\"elementor-heading-title elementor-size-default\">Super Stearman<\/h2>\t\t\t\t<\/div>\n\t\t\t\t<\/div>\n\t\t\t\t\t<\/div>\n\t\t<\/div>\n\t\t\t\t\t<\/div>\n\t\t<\/section>\n\t\t\t\t<section class=\"elementor-section elementor-top-section elementor-element elementor-element-7951dac elementor-section-boxed elementor-section-height-default elementor-section-height-default\" data-id=\"7951dac\" data-element_type=\"section\" data-e-type=\"section\">\n\t\t\t\t\t\t<div class=\"elementor-container elementor-column-gap-default\">\n\t\t\t\t\t<div class=\"elementor-column elementor-col-100 elementor-top-column elementor-element elementor-element-9e317b3\" data-id=\"9e317b3\" data-element_type=\"column\" data-e-type=\"column\">\n\t\t\t<div class=\"elementor-widget-wrap elementor-element-populated\">\n\t\t\t\t\t\t<div class=\"elementor-element elementor-element-87f1955 elementor-widget elementor-widget-text-editor\" data-id=\"87f1955\" data-element_type=\"widget\" data-e-type=\"widget\" data-widget_type=\"text-editor.default\">\n\t\t\t\t<div class=\"elementor-widget-container\">\n\t\t\t\t\t\t\t\t\t<p><b>Technische Daten: <\/b><\/p><div data-id=\"0f44c9c\" data-element_type=\"widget\" data-widget_type=\"text-editor.default\"><div><div><p>Spannweite 1,75 Meter, L\u00e4nge 1,44 Meter; Gewicht inkl. Bespannung ca. 8 kg. F\u00fcr Verbrenner Saito 33 R 3.<\/p><\/div><\/div><\/div>\t\t\t\t\t\t\t\t<\/div>\n\t\t\t\t<\/div>\n\t\t\t\t<div class=\"elementor-element elementor-element-02d3404 elementor-widget-divider--view-line elementor-widget elementor-widget-divider\" data-id=\"02d3404\" data-element_type=\"widget\" data-e-type=\"widget\" data-widget_type=\"divider.default\">\n\t\t\t\t<div class=\"elementor-widget-container\">\n\t\t\t\t\t\t\t<div class=\"elementor-divider\">\n\t\t\t<span class=\"elementor-divider-separator\">\n\t\t\t\t\t\t<\/span>\n\t\t<\/div>\n\t\t\t\t\t\t<\/div>\n\t\t\t\t<\/div>\n\t\t\t\t\t<\/div>\n\t\t<\/div>\n\t\t\t\t\t<\/div>\n\t\t<\/section>\n\t\t\t\t<section class=\"elementor-section elementor-top-section elementor-element elementor-element-3d93c16 elementor-section-boxed elementor-section-height-default elementor-section-height-default\" data-id=\"3d93c16\" data-element_type=\"section\" data-e-type=\"section\">\n\t\t\t\t\t\t<div class=\"elementor-container elementor-column-gap-default\">\n\t\t\t\t\t<div class=\"elementor-column elementor-col-100 elementor-top-column elementor-element elementor-element-8303f87\" data-id=\"8303f87\" data-element_type=\"column\" data-e-type=\"column\">\n\t\t\t<div class=\"elementor-widget-wrap elementor-element-populated\">\n\t\t\t\t\t\t<div class=\"elementor-element elementor-element-8115049 elementor-widget elementor-widget-image\" data-id=\"8115049\" data-element_type=\"widget\" data-e-type=\"widget\" data-widget_type=\"image.default\">\n\t\t\t\t<div class=\"elementor-widget-container\">\n\t\t\t\t\t\t\t\t\t\t\t\t\t\t\t<img fetchpriority=\"high\" decoding=\"async\" width=\"768\" height=\"576\" src=\"https:\/\/www.mfg-holzland.de\/wp-content\/uploads\/2020\/06\/Stearman-von-vorne-final.png\" class=\"attachment-large size-large wp-image-1720\" alt=\"\" srcset=\"https:\/\/www.mfg-holzland.de\/wp-content\/uploads\/2020\/06\/Stearman-von-vorne-final.png 768w, https:\/\/www.mfg-holzland.de\/wp-content\/uploads\/2020\/06\/Stearman-von-vorne-final-300x225.png 300w\" sizes=\"(max-width: 768px) 100vw, 768px\" \/>\t\t\t\t\t\t\t\t\t\t\t\t\t\t\t<\/div>\n\t\t\t\t<\/div>\n\t\t\t\t<div class=\"elementor-element elementor-element-5123bcc elementor-widget elementor-widget-text-editor\" data-id=\"5123bcc\" data-element_type=\"widget\" data-e-type=\"widget\" data-widget_type=\"text-editor.default\">\n\t\t\t\t<div class=\"elementor-widget-container\">\n\t\t\t\t\t\t\t\t\t<p><strong>I PIMP MY BIPE<\/strong><\/p><p>Schon l\u00e4nger hatte ich ein Auge auf einen Waco Doppeldecker geworfen, da gibt es einen ARF Modell in der Gr\u00f6\u00dfe 1:5 mit ca. 1,80 m Spannweite. Leider gibt es dieses Modell nur in gelb-blauer Lackierung. Da entdecke ich ein Angebot der Fa. Schweighofer, eine Super Stearman in\u00a0 meinen Lieblingsfarben rot-wei\u00df. Da dieser Doppeldecker auch in Frage kommt, bestelle ich kurzerhand dieses ARF-Modell aus der Produktion von Great Planes.<\/p><p>Nach drei Tagen trifft mit DHL ein m\u00e4chtiges Paket ein. Beim Auspacken finde ich sauber geb\u00fcgelte Teile wie Tragfl\u00e4chen, Rumpf und Leitwerke vor.\u00a0 Die in GFK hergestellte Motorhaube, die Radverkleidungen und das verkleidete Alufahrwerk sind\u00a0 in einer hervorragenden Qualit\u00e4t. Allerdings f\u00e4llt mir nicht zufriedenstellende Servobefestigung in den Tragfl\u00e4chen ins Auge. Bei einem solch sch\u00f6nen Flieger mit perfekter Optik sollten die Servos nicht einfach in den Servoschacht geschraubt werden. Diese schauen dann wie ein Geschw\u00fcr aus den Aussparungen heraus. Kurzum: Da muss eine L\u00f6sung gefunden werden.<\/p><p>Wie schon in anderen Modellen praktiziert, werden zwei entsprechende Aussparungen in die Fl\u00e4che geschnitten. Die in den Ecken angebrachten Sperrholzauflagen nehmen die extra angefertigten Deckel auf. Darauf werden die Servos auf angeklebten Holzleisten verschraubt. Anschlie\u00dfend wird alles mit Holzschrauben in der Aussparung befestigt.<\/p><p>Zu einem sch\u00f6nen Doppeldecker geh\u00f6rt auch ein sch\u00f6ner Sound. Diesen liefert ein kleiner Sternmotor aus der Produktion von Saito. Der neue Saito 33 R 3 ist die ideale Motorisierung f\u00fcr diesen Flieger. Allerdings verlangt dieser Antrieb etwas mehr Platz als ein normaler Viertakter. Da es sich um einen Viertakt-Benziner handelt, muss ich die Z\u00fcndanlage und einen Z\u00fcndakku zus\u00e4tzlich unterbringen. Die Z\u00fcndung kann unter dem Tank versteckt werden.<\/p><p>In der Bauanleitung sind Gummischn\u00fcre als optische Versch\u00f6nerung vorgesehen. Die Verspannung des H\u00f6henruders meiner Hangar 9 Piper Pawnee bringt mich auf die Idee, bei meinem Doppeldecker die Gummischn\u00fcre wegzulassen und die Verspannung in gleicher\u00a0 Weise auszuf\u00fchren.<\/p><p>Mit wenigen Teilen wie Drahtseilen, L\u00f6t\u00f6sen, Gabelk\u00f6pfen, Augenschrauben und Holzd\u00fcbeln wird die geplante \u00c4nderung in die Tat umgesetzt. An den Kontaktstellen am Rumpf nehme ich Bohrungen vor und klebe 5 mm Holzd\u00fcbel ein und bohre zentral ein 1,5 mm Loch. Hieran werden die L\u00f6t\u00f6sen geschraubt. An einem Ende des Stahldrahtes befestige ich Augenschrauben, auf die die Kunststoffgabelk\u00f6pfe aufgedreht werden. Am anderen Ende wird der Draht durch die L\u00f6t\u00f6sen gef\u00fchrt und mit einer Drahtklemme zur Schlaufe gepresst.<\/p><p>Gleiches geschieht auch am H\u00f6hen- und Seitenruder.<\/p><p>Die Verspannung braucht bei der Demontage nicht gel\u00f6st zu werden, denn die beiden Fl\u00e4chenstreben werden auf einem speziellen Halter auf dem Baldachin platziert.<\/p><p>Weiterhin habe ich die beiden eineiigen Zwillingspiloten gegen einen etwas kerniger aussehenden Solisten getauscht.<\/p><p>Hier eine kleine Soundprobe &#8211; bitte anklicken! (folgt in K\u00fcrze)<\/p><p>Hans-Peter, im Juni 2020<\/p>\t\t\t\t\t\t\t\t<\/div>\n\t\t\t\t<\/div>\n\t\t\t\t\t<\/div>\n\t\t<\/div>\n\t\t\t\t\t<\/div>\n\t\t<\/section>\n\t\t\t\t<section class=\"elementor-section elementor-top-section elementor-element elementor-element-7b1c84c elementor-section-boxed elementor-section-height-default elementor-section-height-default\" data-id=\"7b1c84c\" data-element_type=\"section\" data-e-type=\"section\">\n\t\t\t\t\t\t<div class=\"elementor-container elementor-column-gap-default\">\n\t\t\t\t\t<div class=\"elementor-column elementor-col-100 elementor-top-column elementor-element elementor-element-8763888\" data-id=\"8763888\" data-element_type=\"column\" data-e-type=\"column\">\n\t\t\t<div class=\"elementor-widget-wrap elementor-element-populated\">\n\t\t\t\t\t\t<div class=\"elementor-element elementor-element-a289d1a elementor-arrows-position-inside elementor-pagination-position-outside elementor-widget elementor-widget-image-carousel\" data-id=\"a289d1a\" data-element_type=\"widget\" data-e-type=\"widget\" data-settings=\"{&quot;navigation&quot;:&quot;both&quot;,&quot;autoplay&quot;:&quot;yes&quot;,&quot;pause_on_hover&quot;:&quot;yes&quot;,&quot;pause_on_interaction&quot;:&quot;yes&quot;,&quot;autoplay_speed&quot;:5000,&quot;infinite&quot;:&quot;yes&quot;,&quot;speed&quot;:500}\" data-widget_type=\"image-carousel.default\">\n\t\t\t\t<div class=\"elementor-widget-container\">\n\t\t\t\t\t\t\t<div class=\"elementor-image-carousel-wrapper swiper\" role=\"region\" aria-roledescription=\"carousel\" aria-label=\"Bild Karussell\" dir=\"ltr\">\n\t\t\t<div class=\"elementor-image-carousel swiper-wrapper\" aria-live=\"off\">\n\t\t\t\t\t\t\t\t<div class=\"swiper-slide\" role=\"group\" aria-roledescription=\"slide\" aria-label=\"1 von 8\"><a data-elementor-open-lightbox=\"yes\" data-elementor-lightbox-slideshow=\"a289d1a\" data-elementor-lightbox-title=\"Pilot Stearman\" data-e-action-hash=\"#elementor-action%3Aaction%3Dlightbox%26settings%3DeyJpZCI6MTc5OSwidXJsIjoiaHR0cHM6XC9cL3d3dy5tZmctaG9semxhbmQuZGVcL3dwLWNvbnRlbnRcL3VwbG9hZHNcLzIwMjBcLzA3XC9QaWxvdC1TdGVhcm1hbi5wbmciLCJzbGlkZXNob3ciOiJhMjg5ZDFhIn0%3D\" href=\"https:\/\/www.mfg-holzland.de\/wp-content\/uploads\/2020\/07\/Pilot-Stearman.png\"><figure class=\"swiper-slide-inner\"><img decoding=\"async\" class=\"swiper-slide-image\" src=\"https:\/\/www.mfg-holzland.de\/wp-content\/uploads\/2020\/07\/Pilot-Stearman-150x150.png\" alt=\"Super Stearman\" \/><figcaption class=\"elementor-image-carousel-caption\">Super Stearman<\/figcaption><\/figure><\/a><\/div><div class=\"swiper-slide\" role=\"group\" aria-roledescription=\"slide\" aria-label=\"2 von 8\"><a data-elementor-open-lightbox=\"yes\" data-elementor-lightbox-slideshow=\"a289d1a\" data-elementor-lightbox-title=\"Stearman 1\" data-e-action-hash=\"#elementor-action%3Aaction%3Dlightbox%26settings%3DeyJpZCI6MTgwMCwidXJsIjoiaHR0cHM6XC9cL3d3dy5tZmctaG9semxhbmQuZGVcL3dwLWNvbnRlbnRcL3VwbG9hZHNcLzIwMjBcLzA3XC9TdGVhcm1hbi0xLS5wbmciLCJzbGlkZXNob3ciOiJhMjg5ZDFhIn0%3D\" href=\"https:\/\/www.mfg-holzland.de\/wp-content\/uploads\/2020\/07\/Stearman-1-.png\"><figure class=\"swiper-slide-inner\"><img decoding=\"async\" class=\"swiper-slide-image\" src=\"https:\/\/www.mfg-holzland.de\/wp-content\/uploads\/2020\/07\/Stearman-1--150x150.png\" alt=\"Super Stearman\" \/><figcaption class=\"elementor-image-carousel-caption\">Super Stearman<\/figcaption><\/figure><\/a><\/div><div class=\"swiper-slide\" role=\"group\" aria-roledescription=\"slide\" aria-label=\"3 von 8\"><a data-elementor-open-lightbox=\"yes\" data-elementor-lightbox-slideshow=\"a289d1a\" data-elementor-lightbox-title=\"Stearman von vorn\" data-e-action-hash=\"#elementor-action%3Aaction%3Dlightbox%26settings%3DeyJpZCI6MTgwMSwidXJsIjoiaHR0cHM6XC9cL3d3dy5tZmctaG9semxhbmQuZGVcL3dwLWNvbnRlbnRcL3VwbG9hZHNcLzIwMjBcLzA3XC9TdGVhcm1hbi12b24tdm9ybi5wbmciLCJzbGlkZXNob3ciOiJhMjg5ZDFhIn0%3D\" href=\"https:\/\/www.mfg-holzland.de\/wp-content\/uploads\/2020\/07\/Stearman-von-vorn.png\"><figure class=\"swiper-slide-inner\"><img decoding=\"async\" class=\"swiper-slide-image\" src=\"https:\/\/www.mfg-holzland.de\/wp-content\/uploads\/2020\/07\/Stearman-von-vorn-150x150.png\" alt=\"Super Stearman\" \/><figcaption class=\"elementor-image-carousel-caption\">Super Stearman<\/figcaption><\/figure><\/a><\/div><div class=\"swiper-slide\" role=\"group\" aria-roledescription=\"slide\" aria-label=\"4 von 8\"><a data-elementor-open-lightbox=\"yes\" data-elementor-lightbox-slideshow=\"a289d1a\" data-elementor-lightbox-title=\"Verspannung Stearman Detail 1\" data-e-action-hash=\"#elementor-action%3Aaction%3Dlightbox%26settings%3DeyJpZCI6MTgwMiwidXJsIjoiaHR0cHM6XC9cL3d3dy5tZmctaG9semxhbmQuZGVcL3dwLWNvbnRlbnRcL3VwbG9hZHNcLzIwMjBcLzA3XC9WZXJzcGFubnVuZy1TdGVhcm1hbi1EZXRhaWwtMS5wbmciLCJzbGlkZXNob3ciOiJhMjg5ZDFhIn0%3D\" href=\"https:\/\/www.mfg-holzland.de\/wp-content\/uploads\/2020\/07\/Verspannung-Stearman-Detail-1.png\"><figure class=\"swiper-slide-inner\"><img decoding=\"async\" class=\"swiper-slide-image\" src=\"https:\/\/www.mfg-holzland.de\/wp-content\/uploads\/2020\/07\/Verspannung-Stearman-Detail-1-150x150.png\" alt=\"Super Stearman\" \/><figcaption class=\"elementor-image-carousel-caption\">Super Stearman<\/figcaption><\/figure><\/a><\/div><div class=\"swiper-slide\" role=\"group\" aria-roledescription=\"slide\" aria-label=\"5 von 8\"><a data-elementor-open-lightbox=\"yes\" data-elementor-lightbox-slideshow=\"a289d1a\" data-elementor-lightbox-title=\"Verspannung Stearman Detail 2\" data-e-action-hash=\"#elementor-action%3Aaction%3Dlightbox%26settings%3DeyJpZCI6MTgwMywidXJsIjoiaHR0cHM6XC9cL3d3dy5tZmctaG9semxhbmQuZGVcL3dwLWNvbnRlbnRcL3VwbG9hZHNcLzIwMjBcLzA3XC9WZXJzcGFubnVuZy1TdGVhcm1hbi1EZXRhaWwtMi5wbmciLCJzbGlkZXNob3ciOiJhMjg5ZDFhIn0%3D\" href=\"https:\/\/www.mfg-holzland.de\/wp-content\/uploads\/2020\/07\/Verspannung-Stearman-Detail-2.png\"><figure class=\"swiper-slide-inner\"><img decoding=\"async\" class=\"swiper-slide-image\" src=\"https:\/\/www.mfg-holzland.de\/wp-content\/uploads\/2020\/07\/Verspannung-Stearman-Detail-2-150x150.png\" alt=\"Super Stearman\" \/><figcaption class=\"elementor-image-carousel-caption\">Super Stearman<\/figcaption><\/figure><\/a><\/div><div class=\"swiper-slide\" role=\"group\" aria-roledescription=\"slide\" aria-label=\"6 von 8\"><a data-elementor-open-lightbox=\"yes\" data-elementor-lightbox-slideshow=\"a289d1a\" data-elementor-lightbox-title=\"Verspannung Stearman Detail 3\" data-e-action-hash=\"#elementor-action%3Aaction%3Dlightbox%26settings%3DeyJpZCI6MTgwNCwidXJsIjoiaHR0cHM6XC9cL3d3dy5tZmctaG9semxhbmQuZGVcL3dwLWNvbnRlbnRcL3VwbG9hZHNcLzIwMjBcLzA3XC9WZXJzcGFubnVuZy1TdGVhcm1hbi1EZXRhaWwtMy5wbmciLCJzbGlkZXNob3ciOiJhMjg5ZDFhIn0%3D\" href=\"https:\/\/www.mfg-holzland.de\/wp-content\/uploads\/2020\/07\/Verspannung-Stearman-Detail-3.png\"><figure class=\"swiper-slide-inner\"><img decoding=\"async\" class=\"swiper-slide-image\" src=\"https:\/\/www.mfg-holzland.de\/wp-content\/uploads\/2020\/07\/Verspannung-Stearman-Detail-3-150x150.png\" alt=\"Super Stearman\" \/><figcaption class=\"elementor-image-carousel-caption\">Super Stearman<\/figcaption><\/figure><\/a><\/div><div class=\"swiper-slide\" role=\"group\" aria-roledescription=\"slide\" aria-label=\"7 von 8\"><a data-elementor-open-lightbox=\"yes\" data-elementor-lightbox-slideshow=\"a289d1a\" data-elementor-lightbox-title=\"Verspannung Stearman Detail 4\" data-e-action-hash=\"#elementor-action%3Aaction%3Dlightbox%26settings%3DeyJpZCI6MTgwNSwidXJsIjoiaHR0cHM6XC9cL3d3dy5tZmctaG9semxhbmQuZGVcL3dwLWNvbnRlbnRcL3VwbG9hZHNcLzIwMjBcLzA3XC9WZXJzcGFubnVuZy1TdGVhcm1hbi1EZXRhaWwtNC5wbmciLCJzbGlkZXNob3ciOiJhMjg5ZDFhIn0%3D\" href=\"https:\/\/www.mfg-holzland.de\/wp-content\/uploads\/2020\/07\/Verspannung-Stearman-Detail-4.png\"><figure class=\"swiper-slide-inner\"><img decoding=\"async\" class=\"swiper-slide-image\" src=\"https:\/\/www.mfg-holzland.de\/wp-content\/uploads\/2020\/07\/Verspannung-Stearman-Detail-4-150x150.png\" alt=\"Super Stearman\" \/><figcaption class=\"elementor-image-carousel-caption\">Super Stearman<\/figcaption><\/figure><\/a><\/div><div class=\"swiper-slide\" role=\"group\" aria-roledescription=\"slide\" aria-label=\"8 von 8\"><a data-elementor-open-lightbox=\"yes\" data-elementor-lightbox-slideshow=\"a289d1a\" data-elementor-lightbox-title=\"Verspannung Stearman\" data-e-action-hash=\"#elementor-action%3Aaction%3Dlightbox%26settings%3DeyJpZCI6MTgwNiwidXJsIjoiaHR0cHM6XC9cL3d3dy5tZmctaG9semxhbmQuZGVcL3dwLWNvbnRlbnRcL3VwbG9hZHNcLzIwMjBcLzA3XC9WZXJzcGFubnVuZy1TdGVhcm1hbi5wbmciLCJzbGlkZXNob3ciOiJhMjg5ZDFhIn0%3D\" href=\"https:\/\/www.mfg-holzland.de\/wp-content\/uploads\/2020\/07\/Verspannung-Stearman.png\"><figure class=\"swiper-slide-inner\"><img decoding=\"async\" class=\"swiper-slide-image\" src=\"https:\/\/www.mfg-holzland.de\/wp-content\/uploads\/2020\/07\/Verspannung-Stearman-150x150.png\" alt=\"Super Stearman\" \/><figcaption class=\"elementor-image-carousel-caption\">Super Stearman<\/figcaption><\/figure><\/a><\/div>\t\t\t<\/div>\n\t\t\t\t\t\t\t\t\t\t\t\t<div class=\"elementor-swiper-button elementor-swiper-button-prev\" role=\"button\" tabindex=\"0\">\n\t\t\t\t\t\t<i aria-hidden=\"true\" class=\"eicon-chevron-left\"><\/i>\t\t\t\t\t<\/div>\n\t\t\t\t\t<div class=\"elementor-swiper-button elementor-swiper-button-next\" role=\"button\" tabindex=\"0\">\n\t\t\t\t\t\t<i aria-hidden=\"true\" class=\"eicon-chevron-right\"><\/i>\t\t\t\t\t<\/div>\n\t\t\t\t\n\t\t\t\t\t\t\t\t\t<div class=\"swiper-pagination\"><\/div>\n\t\t\t\t\t\t\t\t\t<\/div>\n\t\t\t\t\t\t<\/div>\n\t\t\t\t<\/div>\n\t\t\t\t\t<\/div>\n\t\t<\/div>\n\t\t\t\t\t<\/div>\n\t\t<\/section>\n\t\t\t\t<\/div>\n\t\t ","protected":false},"excerpt":{"rendered":"<p>Super Stearman Technische Daten: Spannweite 1,75 Meter, L\u00e4nge 1,44 Meter; Gewicht inkl. Bespannung ca. 8 kg. F\u00fcr Verbrenner Saito 33<\/p>\n","protected":false},"author":1,"featured_media":0,"parent":0,"menu_order":0,"comment_status":"closed","ping_status":"closed","template":"","meta":{"colormag_page_container_layout":"default_layout","colormag_page_sidebar_layout":"default_layout","footnotes":""},"class_list":["post-1718","page","type-page","status-publish","hentry"],"jetpack_sharing_enabled":true,"_links":{"self":[{"href":"https:\/\/www.mfg-holzland.de\/index.php?rest_route=\/wp\/v2\/pages\/1718","targetHints":{"allow":["GET"]}}],"collection":[{"href":"https:\/\/www.mfg-holzland.de\/index.php?rest_route=\/wp\/v2\/pages"}],"about":[{"href":"https:\/\/www.mfg-holzland.de\/index.php?rest_route=\/wp\/v2\/types\/page"}],"author":[{"embeddable":true,"href":"https:\/\/www.mfg-holzland.de\/index.php?rest_route=\/wp\/v2\/users\/1"}],"replies":[{"embeddable":true,"href":"https:\/\/www.mfg-holzland.de\/index.php?rest_route=%2Fwp%2Fv2%2Fcomments&post=1718"}],"version-history":[{"count":18,"href":"https:\/\/www.mfg-holzland.de\/index.php?rest_route=\/wp\/v2\/pages\/1718\/revisions"}],"predecessor-version":[{"id":1811,"href":"https:\/\/www.mfg-holzland.de\/index.php?rest_route=\/wp\/v2\/pages\/1718\/revisions\/1811"}],"wp:attachment":[{"href":"https:\/\/www.mfg-holzland.de\/index.php?rest_route=%2Fwp%2Fv2%2Fmedia&parent=1718"}],"curies":[{"name":"wp","href":"https:\/\/api.w.org\/{rel}","templated":true}]}}