{"id":216,"date":"2017-12-12T09:53:09","date_gmt":"2017-12-12T09:53:09","guid":{"rendered":"https:\/\/demo.themegrill.com\/colormag-business-magazine\/?page_id=216"},"modified":"2026-02-15T17:07:19","modified_gmt":"2026-02-15T16:07:19","slug":"global-trade","status":"publish","type":"page","link":"https:\/\/www.mfg-holzland.de\/?page_id=216","title":{"rendered":"Chronik des Vereins"},"content":{"rendered":"\t\t<div data-elementor-type=\"wp-post\" data-elementor-id=\"216\" class=\"elementor elementor-216\">\n\t\t\t\t\t\t<section class=\"elementor-section elementor-top-section elementor-element elementor-element-bfd9771 elementor-section-boxed elementor-section-height-default elementor-section-height-default\" data-id=\"bfd9771\" data-element_type=\"section\" data-e-type=\"section\">\n\t\t\t\t\t\t<div class=\"elementor-container elementor-column-gap-default\">\n\t\t\t\t\t\t<\/div>\n\t\t<\/section>\n\t\t\t\t<section class=\"elementor-section elementor-top-section elementor-element elementor-element-7509fa3a elementor-section-boxed elementor-section-height-default elementor-section-height-default\" data-id=\"7509fa3a\" data-element_type=\"section\" data-e-type=\"section\">\n\t\t\t\t\t\t<div class=\"elementor-container elementor-column-gap-default\">\n\t\t\t\t\t<div class=\"elementor-column elementor-col-100 elementor-top-column elementor-element elementor-element-fa10047\" data-id=\"fa10047\" data-element_type=\"column\" data-e-type=\"column\">\n\t\t\t<div class=\"elementor-widget-wrap elementor-element-populated\">\n\t\t\t\t\t\t<div class=\"elementor-element elementor-element-a6906af elementor-widget elementor-widget-heading\" data-id=\"a6906af\" data-element_type=\"widget\" data-e-type=\"widget\" data-widget_type=\"heading.default\">\n\t\t\t\t<div class=\"elementor-widget-container\">\n\t\t\t\t\t<h2 class=\"elementor-heading-title elementor-size-default\"><h2 data-elementor-setting-key=\"title\" data-pen-placeholder=\"Eingabe hier...\">CHRONIK DES VEREINS<\/h2><\/h2>\t\t\t\t<\/div>\n\t\t\t\t<\/div>\n\t\t\t\t<div class=\"elementor-element elementor-element-a974034 elementor-widget elementor-widget-text-editor\" data-id=\"a974034\" data-element_type=\"widget\" data-e-type=\"widget\" data-widget_type=\"text-editor.default\">\n\t\t\t\t<div class=\"elementor-widget-container\">\n\t\t\t\t\t\t\t\t\t<p>Im Jahre <strong>1973<\/strong> trafen sich einige Modellfluginteressierte in Geiselberg, in der Gemarkung &#8222;In den Haselst\u00fcckern&#8220;, um ihre Segelflugmodelle steigen zu lassen. Dies ist bei g\u00fcnstigen Wetterverh\u00e4ltnissen an den umliegenden H\u00e4ngen m\u00f6glich. Da das Interesse gro\u00df war, beschlossen sie die Vereinsgr\u00fcndung.<\/p><p>Die Vereinsgr\u00fcndung fand am <strong>29.04.1974 <\/strong>mit folgenden Mitgliedern statt:<\/p><ul><li>K\u00f6nnel Friedolin<\/li><li>Koob Erich \u2020<\/li><li>Koob Wolfgang \u2020<\/li><li>Kubik Eugen<\/li><li>Pilarski Walter \u2020<\/li><li>Richter Herbert \u2020<\/li><li>Richter Winfried<\/li><li>Schmitt Harald<\/li><li>St\u00fcmpert Hans<\/li><li>Veldhuis Uwe<\/li><\/ul><p>\u00a0<\/p><p>Als erster Vereinsvorsitzender wurde Winfried Richter gew\u00e4hlt. Er leitete die Vereinsgesch\u00e4fte bis 1976. Danach wurden gew\u00e4hlt f\u00fcr den Zeitraum:<\/p><ul><li>von 1976 bis 1978 Hans St\u00fcmpert<\/li><li>von 1978 bis 1996 Erich Koob<\/li><li>seit 1996 Michael Wagner.<\/li><\/ul><p>\u00a0<\/p><p>Im Herbst <strong>1974<\/strong> konnte die erste Start- und Landebahn f\u00fcr Motormodelle, eine Rasenpiste von ca. 90m L\u00e4nge und 10m Breite, auf dem Gel\u00e4nde der Geschwister Schaaf angelegt werden.<\/p><p>Im Februar <strong>1975<\/strong> wurde es durch Zupachtung m\u00f6glich, die Startbahn zu verlegen und einen Parkplatz neu anzulegen.<\/p><p>Die Start- und Landebahn verl\u00e4uft in Ost- West-Richtung, ist ca. 130 m lang und ca. 30 m breit.<\/p><p><strong>1994<\/strong> fand zum 20-j\u00e4hrigen Bestehen im B\u00fcrgerhaus in Waldfischbach-Burgalben eine Modellausstellung statt.<\/p><p><strong>1999<\/strong> fand zum 25-j\u00e4hrigen Bestehen in der Halle der Firma Karosseriebau Becker in Geiselberg eine Modellausstellung samt Tombola und Flugsimulator statt.<\/p><p><strong>2004<\/strong> fand zum 30-j\u00e4hrigen Bestehen im neu gebauten B\u00fcrgerhaus in Geiselberg eine Modellausstellung statt.<\/p><p><b>2022<\/b> wurde eine Photovoltaikanlage im Gebiet \u201c Artland \/ Am Piquet\u201d geplant, von der die MFG Holzland betroffen gewesen w\u00e4re. Nicht zuletzt durch viele F\u00fcrsprecher aus der Bev\u00f6lkerung konnte diese Bedrohung abgewendet werden. Der Bau der Anlage h\u00e4tte mit gro\u00dfer Wahrscheinlichkeit das Ende des Vereins bedeutet.<\/p><p><br \/><b>2024<\/b> fand zum 50-j\u00e4hrigen Bestehen im B\u00fcrgerhaus in Geiselberg eine Modellausstellung statt.<\/p>\t\t\t\t\t\t\t\t<\/div>\n\t\t\t\t<\/div>\n\t\t\t\t\t<\/div>\n\t\t<\/div>\n\t\t\t\t<div class=\"elementor-column elementor-col-66 elementor-top-column elementor-element elementor-element-4e075b5e\" data-id=\"4e075b5e\" data-element_type=\"column\" data-e-type=\"column\">\n\t\t\t<div class=\"elementor-widget-wrap elementor-element-populated\">\n\t\t\t\t\t\t\t<\/div>\n\t\t<\/div>\n\t\t\t\t<div class=\"elementor-column elementor-col-33 elementor-top-column elementor-element elementor-element-7ada9b23\" data-id=\"7ada9b23\" data-element_type=\"column\" data-e-type=\"column\">\n\t\t\t<div class=\"elementor-widget-wrap elementor-element-populated\">\n\t\t\t\t\t\t<div class=\"elementor-element elementor-element-5d3b5fda elementor-widget elementor-widget-ColorMag-Posts-Block-6\" data-id=\"5d3b5fda\" data-element_type=\"widget\" data-e-type=\"widget\" data-widget_type=\"ColorMag-Posts-Block-6.default\">\n\t\t\t\t<div class=\"elementor-widget-container\">\n\t\t\t\t\t\n\t\t<div class=\"tg-module-block tg-module-block--style-6 tg-module-wrapper\">\n\t\t\t\n\t\t<div class=\"tg-module-title-wrap\">\n\t\t\t<h4 class=\"module-title\">\n\t\t\t\t<span>Latest Posts<\/span>\n\t\t\t<\/h4>\n\t\t<\/div>\n\n\t\t\n\t\t\t<div class=\"tg-row\">\n\t\t\t\t\n\t\t\t\t\t<div class=\"tg_module_block tg_module_block--list-small tg-col-control tg-two-block\">\n\t\t\t\t\t\t\t\t\t\t\t\t\t\t\t\t\n\t\t\t\t\t\t<div class=\"tg-module-info\">\n\t\t\t\t\t\t\t\t\t<h3 class=\"tg-module-title entry-title\">\n\t\t\t<a href=\"https:\/\/www.mfg-holzland.de\/?p=7068\">Am Wahltag kein Hallenfliegen<\/a>\n\t\t<\/h3>\n\t\t\n\t\t<div class=\"tg-module-meta\">\n\t\t\t\n\t\t\t<span class=\"tg-post-date entry-date\">\n\t\t\t\t<a href=\"https:\/\/www.mfg-holzland.de\/?p=7068\" rel=\"bookmark\"><time class=\"entry-date published\" datetime=\"2026-03-12T23:58:05+01:00\">12. M\u00e4rz 2026<\/time><time class=\"updated\" datetime=\"2026-03-13T00:01:18+01:00\">13. M\u00e4rz 2026<\/time><\/a>\t\t\t<\/span>\n\n\t\t\t<span class=\"tg-post-auther-name author vcard\">\n\t\t\t\t<a class=\"url fn n\" href=\"https:\/\/www.mfg-holzland.de\/?author=1\">Heli13<\/a>\t\t\t<\/span>\n\n\t\t\t\t\t<\/div>\n\n\t\t\t\t\t\t\t\t<\/div>\n\t\t\t\t\t<\/div>\n\t\t\t\t\t\n\t\t\t\t\t<div class=\"tg_module_block tg_module_block--list-small tg-col-control tg-two-block\">\n\t\t\t\t\t\t\t\t\t\t\t\t\t\t\t\t\n\t\t\t\t\t\t<div class=\"tg-module-info\">\n\t\t\t\t\t\t\t\t\t<h3 class=\"tg-module-title entry-title\">\n\t\t\t<a href=\"https:\/\/www.mfg-holzland.de\/?p=7058\">Einladung zur Jahreshauptversammlung 2026<\/a>\n\t\t<\/h3>\n\t\t\n\t\t<div class=\"tg-module-meta\">\n\t\t\t\n\t\t\t<span class=\"tg-post-date entry-date\">\n\t\t\t\t<a href=\"https:\/\/www.mfg-holzland.de\/?p=7058\" rel=\"bookmark\"><time class=\"entry-date published\" datetime=\"2026-02-18T18:49:18+01:00\">18. Februar 2026<\/time><time class=\"updated\" datetime=\"2026-02-18T18:55:12+01:00\">18. Februar 2026<\/time><\/a>\t\t\t<\/span>\n\n\t\t\t<span class=\"tg-post-auther-name author vcard\">\n\t\t\t\t<a class=\"url fn n\" href=\"https:\/\/www.mfg-holzland.de\/?author=1\">Heli13<\/a>\t\t\t<\/span>\n\n\t\t\t\t\t<\/div>\n\n\t\t\t\t\t\t\t\t<\/div>\n\t\t\t\t\t<\/div>\n\t\t\t\t\t\n\t\t\t\t\t<div class=\"tg_module_block tg_module_block--list-small tg-col-control tg-two-block\">\n\t\t\t\t\t\t\t\t\t\t\t\t\t\t\t\t\n\t\t\t\t\t\t<div class=\"tg-module-info\">\n\t\t\t\t\t\t\t\t\t<h3 class=\"tg-module-title entry-title\">\n\t\t\t<a href=\"https:\/\/www.mfg-holzland.de\/?p=7056\">Kein Hallenfliegen am 22.02.2026<\/a>\n\t\t<\/h3>\n\t\t\n\t\t<div class=\"tg-module-meta\">\n\t\t\t\n\t\t\t<span class=\"tg-post-date entry-date\">\n\t\t\t\t<a href=\"https:\/\/www.mfg-holzland.de\/?p=7056\" rel=\"bookmark\"><time class=\"entry-date published\" datetime=\"2026-02-18T18:48:13+01:00\">18. Februar 2026<\/time><time class=\"updated\" datetime=\"2026-02-18T18:59:56+01:00\">18. Februar 2026<\/time><\/a>\t\t\t<\/span>\n\n\t\t\t<span class=\"tg-post-auther-name author vcard\">\n\t\t\t\t<a class=\"url fn n\" href=\"https:\/\/www.mfg-holzland.de\/?author=1\">Heli13<\/a>\t\t\t<\/span>\n\n\t\t\t\t\t<\/div>\n\n\t\t\t\t\t\t\t\t<\/div>\n\t\t\t\t\t<\/div>\n\t\t\t\t\t\n\t\t\t\t\t<div class=\"tg_module_block tg_module_block--list-small tg-col-control tg-two-block\">\n\t\t\t\t\t\t\t\t\t\t\t\t\t\t\t\t\n\t\t\t\t\t\t<div class=\"tg-module-info\">\n\t\t\t\t\t\t\t\t\t<h3 class=\"tg-module-title entry-title\">\n\t\t\t<a href=\"https:\/\/www.mfg-holzland.de\/?p=7042\">Aktualisierung der Termine 2026<\/a>\n\t\t<\/h3>\n\t\t\n\t\t<div class=\"tg-module-meta\">\n\t\t\t\n\t\t\t<span class=\"tg-post-date entry-date\">\n\t\t\t\t<a href=\"https:\/\/www.mfg-holzland.de\/?p=7042\" rel=\"bookmark\"><time class=\"entry-date published\" datetime=\"2026-02-15T20:08:49+01:00\">15. Februar 2026<\/time><time class=\"updated\" datetime=\"2026-02-15T20:17:30+01:00\">15. Februar 2026<\/time><\/a>\t\t\t<\/span>\n\n\t\t\t<span class=\"tg-post-auther-name author vcard\">\n\t\t\t\t<a class=\"url fn n\" href=\"https:\/\/www.mfg-holzland.de\/?author=1\">Heli13<\/a>\t\t\t<\/span>\n\n\t\t\t\t\t<\/div>\n\n\t\t\t\t\t\t\t\t<\/div>\n\t\t\t\t\t<\/div>\n\t\t\t\t\t\t\t\t<\/div>\n\t\t<\/div>\n\n\t\t\t\t\t\t<\/div>\n\t\t\t\t<\/div>\n\t\t\t\t<div class=\"elementor-element elementor-element-78a5774f elementor-widget elementor-widget-ColorMag-Posts-Block-9\" data-id=\"78a5774f\" data-element_type=\"widget\" data-e-type=\"widget\" data-widget_type=\"ColorMag-Posts-Block-9.default\">\n\t\t\t\t<div class=\"elementor-widget-container\">\n\t\t\t\t\t\n\t\t<div class=\"tg-module-block tg-module-block--style-9 no-module-thub tg-module-wrapper\">\n\t\t\t\n\t\t<div class=\"tg-module-title-wrap\">\n\t\t\t<h4 class=\"module-title\">\n\t\t\t\t<span>Popular Posts<\/span>\n\t\t\t<\/h4>\n\t\t<\/div>\n\n\t\t\n\t\t\t<div class=\"tg-row\">\n\t\t\t\t\n\t\t\t\t\t<div class=\"tg_module_block tg_module_block--list-small no-thumbnail tg-col-control tg-two-block\">\n\t\t\t\t\t\t<div class=\"tg-module-info\">\n\t\t\t\t\t\t\t\t\t\t\t\t\t<\/div>\n\t\t\t\t\t<\/div>\n\n\t\t\t\t\t\n\t\t\t\t\t<div class=\"tg_module_block tg_module_block--list-small no-thumbnail tg-col-control tg-two-block\">\n\t\t\t\t\t\t<div class=\"tg-module-info\">\n\t\t\t\t\t\t\t\t\t\t\t\t\t<\/div>\n\t\t\t\t\t<\/div>\n\n\t\t\t\t\t\n\t\t\t\t\t<div class=\"tg_module_block tg_module_block--list-small no-thumbnail tg-col-control tg-two-block\">\n\t\t\t\t\t\t<div class=\"tg-module-info\">\n\t\t\t\t\t\t\t\t\t\t\t\t\t<\/div>\n\t\t\t\t\t<\/div>\n\n\t\t\t\t\t\n\t\t\t\t\t<div class=\"tg_module_block tg_module_block--list-small no-thumbnail tg-col-control tg-two-block\">\n\t\t\t\t\t\t<div class=\"tg-module-info\">\n\t\t\t\t\t\t\t\t\t\t\t\t\t<\/div>\n\t\t\t\t\t<\/div>\n\n\t\t\t\t\t\n\t\t\t\t\t<div class=\"tg_module_block tg_module_block--list-small no-thumbnail tg-col-control tg-two-block\">\n\t\t\t\t\t\t<div class=\"tg-module-info\">\n\t\t\t\t\t\t\t\t\t\t\t\t\t<\/div>\n\t\t\t\t\t<\/div>\n\n\t\t\t\t\t\n\t\t\t\t\t<div class=\"tg_module_block tg_module_block--list-small no-thumbnail tg-col-control tg-two-block\">\n\t\t\t\t\t\t<div class=\"tg-module-info\">\n\t\t\t\t\t\t\t\t\t\t\t\t\t<\/div>\n\t\t\t\t\t<\/div>\n\n\t\t\t\t\t\t\t\t<\/div>\n\t\t<\/div>\n\n\t\t\t\t\t\t<\/div>\n\t\t\t\t<\/div>\n\t\t\t\t\t<\/div>\n\t\t<\/div>\n\t\t\t\t\t<\/div>\n\t\t<\/section>\n\t\t\t\t<\/div>\n\t\t ","protected":false},"excerpt":{"rendered":"<p>CHRONIK DES VEREINS Im Jahre 1973 trafen sich einige Modellfluginteressierte in Geiselberg, in der Gemarkung &#8222;In den Haselst\u00fcckern&#8220;, um ihre<\/p>\n","protected":false},"author":1,"featured_media":0,"parent":0,"menu_order":0,"comment_status":"closed","ping_status":"closed","template":"page-templates\/page-builder.php","meta":{"colormag_page_container_layout":"no_sidebar_full_width","colormag_page_sidebar_layout":"no_sidebar","footnotes":""},"class_list":["post-216","page","type-page","status-publish","hentry"],"jetpack_sharing_enabled":true,"_links":{"self":[{"href":"https:\/\/www.mfg-holzland.de\/index.php?rest_route=\/wp\/v2\/pages\/216","targetHints":{"allow":["GET"]}}],"collection":[{"href":"https:\/\/www.mfg-holzland.de\/index.php?rest_route=\/wp\/v2\/pages"}],"about":[{"href":"https:\/\/www.mfg-holzland.de\/index.php?rest_route=\/wp\/v2\/types\/page"}],"author":[{"embeddable":true,"href":"https:\/\/www.mfg-holzland.de\/index.php?rest_route=\/wp\/v2\/users\/1"}],"replies":[{"embeddable":true,"href":"https:\/\/www.mfg-holzland.de\/index.php?rest_route=%2Fwp%2Fv2%2Fcomments&post=216"}],"version-history":[{"count":23,"href":"https:\/\/www.mfg-holzland.de\/index.php?rest_route=\/wp\/v2\/pages\/216\/revisions"}],"predecessor-version":[{"id":7007,"href":"https:\/\/www.mfg-holzland.de\/index.php?rest_route=\/wp\/v2\/pages\/216\/revisions\/7007"}],"wp:attachment":[{"href":"https:\/\/www.mfg-holzland.de\/index.php?rest_route=%2Fwp%2Fv2%2Fmedia&parent=216"}],"curies":[{"name":"wp","href":"https:\/\/api.w.org\/{rel}","templated":true}]}}