{"id":218,"date":"2017-12-12T09:53:31","date_gmt":"2017-12-12T09:53:31","guid":{"rendered":"https:\/\/demo.themegrill.com\/colormag-business-magazine\/?page_id=218"},"modified":"2022-01-30T20:18:50","modified_gmt":"2022-01-30T19:18:50","slug":"companies","status":"publish","type":"page","link":"https:\/\/www.mfg-holzland.de\/?page_id=218","title":{"rendered":"Fluggel\u00e4nde"},"content":{"rendered":"\t\t<div data-elementor-type=\"wp-post\" data-elementor-id=\"218\" class=\"elementor elementor-218\">\n\t\t\t\t\t\t<section class=\"elementor-section elementor-top-section elementor-element elementor-element-5a99887e elementor-section-boxed elementor-section-height-default elementor-section-height-default\" data-id=\"5a99887e\" data-element_type=\"section\" data-e-type=\"section\" data-settings=\"{&quot;background_background&quot;:&quot;classic&quot;}\">\n\t\t\t\t\t\t<div class=\"elementor-container elementor-column-gap-default\">\n\t\t\t\t\t<div class=\"elementor-column elementor-col-66 elementor-top-column elementor-element elementor-element-52414d3d\" data-id=\"52414d3d\" data-element_type=\"column\" data-e-type=\"column\">\n\t\t\t<div class=\"elementor-widget-wrap elementor-element-populated\">\n\t\t\t\t\t\t<div class=\"elementor-element elementor-element-2356a25c elementor-widget elementor-widget-heading\" data-id=\"2356a25c\" data-element_type=\"widget\" data-e-type=\"widget\" data-widget_type=\"heading.default\">\n\t\t\t\t<div class=\"elementor-widget-container\">\n\t\t\t\t\t<h2 class=\"elementor-heading-title elementor-size-xl\">Unser Flugplatz<\/h2>\t\t\t\t<\/div>\n\t\t\t\t<\/div>\n\t\t\t\t<section class=\"elementor-section elementor-inner-section elementor-element elementor-element-8ff9b7e elementor-section-boxed elementor-section-height-default elementor-section-height-default\" data-id=\"8ff9b7e\" data-element_type=\"section\" data-e-type=\"section\">\n\t\t\t\t\t\t<div class=\"elementor-container elementor-column-gap-default\">\n\t\t\t\t\t<div class=\"elementor-column elementor-col-50 elementor-inner-column elementor-element elementor-element-980b993\" data-id=\"980b993\" data-element_type=\"column\" data-e-type=\"column\">\n\t\t\t<div class=\"elementor-widget-wrap\">\n\t\t\t\t\t\t\t<\/div>\n\t\t<\/div>\n\t\t\t\t<div class=\"elementor-column elementor-col-50 elementor-inner-column elementor-element elementor-element-357f147\" data-id=\"357f147\" data-element_type=\"column\" data-e-type=\"column\">\n\t\t\t<div class=\"elementor-widget-wrap elementor-element-populated\">\n\t\t\t\t\t\t<div class=\"elementor-element elementor-element-31ba8b1 elementor-widget elementor-widget-text-editor\" data-id=\"31ba8b1\" data-element_type=\"widget\" data-e-type=\"widget\" data-widget_type=\"text-editor.default\">\n\t\t\t\t<div class=\"elementor-widget-container\">\n\t\t\t\t\t\t\t\t\t<p style=\"text-align: center;\"><strong><span style=\"color: #000000;\">Die Start- und Landebahn ist eine Graspiste und hat die Abmessungen von ca. 135 m L\u00e4nge und 30 m Breite. Der Platz ist zugelassen f\u00fcr Modellflugzeuge bis 20 kg Abfluggewicht. Modellflugzeuge mit Turbinen d\u00fcrfen nicht starten. Auf folgenden Bildern sehen Sie einige Aufnahmen des Fluggel\u00e4ndes der Modellfluggruppe Holzland.<\/span><\/strong><\/p><p style=\"text-align: center;\"><strong><span style=\"color: #000000;\">Die aktuelle Drohnenverordnung, die auch \u00fcber Modellflugzeuge informiert, finden Sie <a href=\"https:\/\/www.bmvi.de\/SharedDocs\/DE\/Artikel\/LF\/drohnen.html\" target=\"_blank\" rel=\"noopener\">hier<\/a>.<br \/><\/span><\/strong><\/p>\t\t\t\t\t\t\t\t<\/div>\n\t\t\t\t<\/div>\n\t\t\t\t<div class=\"elementor-element elementor-element-b503d2b elementor-widget elementor-widget-image\" data-id=\"b503d2b\" data-element_type=\"widget\" data-e-type=\"widget\" data-widget_type=\"image.default\">\n\t\t\t\t<div class=\"elementor-widget-container\">\n\t\t\t\t\t\t\t\t\t\t\t\t\t\t\t<img fetchpriority=\"high\" decoding=\"async\" width=\"1024\" height=\"768\" src=\"https:\/\/www.mfg-holzland.de\/wp-content\/uploads\/2020\/01\/P1010815-1024x768.jpg\" class=\"attachment-large size-large wp-image-443\" alt=\"\" srcset=\"https:\/\/www.mfg-holzland.de\/wp-content\/uploads\/2020\/01\/P1010815-1024x768.jpg 1024w, https:\/\/www.mfg-holzland.de\/wp-content\/uploads\/2020\/01\/P1010815-300x225.jpg 300w, https:\/\/www.mfg-holzland.de\/wp-content\/uploads\/2020\/01\/P1010815-768x576.jpg 768w, https:\/\/www.mfg-holzland.de\/wp-content\/uploads\/2020\/01\/P1010815-1536x1152.jpg 1536w, https:\/\/www.mfg-holzland.de\/wp-content\/uploads\/2020\/01\/P1010815-2048x1536.jpg 2048w\" sizes=\"(max-width: 1024px) 100vw, 1024px\" \/>\t\t\t\t\t\t\t\t\t\t\t\t\t\t\t<\/div>\n\t\t\t\t<\/div>\n\t\t\t\t<div class=\"elementor-element elementor-element-d273825 elementor-widget elementor-widget-image\" data-id=\"d273825\" data-element_type=\"widget\" data-e-type=\"widget\" data-widget_type=\"image.default\">\n\t\t\t\t<div class=\"elementor-widget-container\">\n\t\t\t\t\t\t\t\t\t\t\t\t\t\t\t<img decoding=\"async\" width=\"1024\" height=\"768\" src=\"https:\/\/www.mfg-holzland.de\/wp-content\/uploads\/2020\/04\/DJI_0041-1024x768.jpg\" class=\"attachment-large size-large wp-image-1483\" alt=\"\" srcset=\"https:\/\/www.mfg-holzland.de\/wp-content\/uploads\/2020\/04\/DJI_0041-1024x768.jpg 1024w, https:\/\/www.mfg-holzland.de\/wp-content\/uploads\/2020\/04\/DJI_0041-300x225.jpg 300w, https:\/\/www.mfg-holzland.de\/wp-content\/uploads\/2020\/04\/DJI_0041-768x576.jpg 768w, https:\/\/www.mfg-holzland.de\/wp-content\/uploads\/2020\/04\/DJI_0041-1536x1152.jpg 1536w, https:\/\/www.mfg-holzland.de\/wp-content\/uploads\/2020\/04\/DJI_0041-2048x1536.jpg 2048w\" sizes=\"(max-width: 1024px) 100vw, 1024px\" \/>\t\t\t\t\t\t\t\t\t\t\t\t\t\t\t<\/div>\n\t\t\t\t<\/div>\n\t\t\t\t<div class=\"elementor-element elementor-element-63213a6 elementor-widget elementor-widget-image\" data-id=\"63213a6\" data-element_type=\"widget\" data-e-type=\"widget\" data-widget_type=\"image.default\">\n\t\t\t\t<div class=\"elementor-widget-container\">\n\t\t\t\t\t\t\t\t\t\t\t\t<figure class=\"wp-caption\">\n\t\t\t\t\t\t\t\t\t\t\t<a href=\"https:\/\/www.mfg-holzland.de\/wp-content\/uploads\/2020\/06\/IMG_9048-scaled.jpg\" data-elementor-open-lightbox=\"yes\" data-elementor-lightbox-title=\"IMG_9048\" data-e-action-hash=\"#elementor-action%3Aaction%3Dlightbox%26settings%3DeyJpZCI6MTY4OCwidXJsIjoiaHR0cHM6XC9cL3d3dy5tZmctaG9semxhbmQuZGVcL3dwLWNvbnRlbnRcL3VwbG9hZHNcLzIwMjBcLzA2XC9JTUdfOTA0OC1zY2FsZWQuanBnIn0%3D\">\n\t\t\t\t\t\t\t<img decoding=\"async\" width=\"1024\" height=\"768\" src=\"https:\/\/www.mfg-holzland.de\/wp-content\/uploads\/2020\/06\/IMG_9048-scaled.jpg\" class=\"attachment-large size-large wp-image-1688\" alt=\"\" srcset=\"https:\/\/www.mfg-holzland.de\/wp-content\/uploads\/2020\/06\/IMG_9048-scaled.jpg 2560w, https:\/\/www.mfg-holzland.de\/wp-content\/uploads\/2020\/06\/IMG_9048-300x225.jpg 300w, https:\/\/www.mfg-holzland.de\/wp-content\/uploads\/2020\/06\/IMG_9048-768x576.jpg 768w, https:\/\/www.mfg-holzland.de\/wp-content\/uploads\/2020\/06\/IMG_9048-1536x1152.jpg 1536w, https:\/\/www.mfg-holzland.de\/wp-content\/uploads\/2020\/06\/IMG_9048-2048x1536.jpg 2048w\" sizes=\"(max-width: 1024px) 100vw, 1024px\" \/>\t\t\t\t\t\t\t\t<\/a>\n\t\t\t\t\t\t\t\t\t\t\t<figcaption class=\"widget-image-caption wp-caption-text\">Juni 2020 - kurz vor des Bauern M\u00e4hung<\/figcaption>\n\t\t\t\t\t\t\t\t\t\t<\/figure>\n\t\t\t\t\t\t\t\t\t<\/div>\n\t\t\t\t<\/div>\n\t\t\t\t\t<\/div>\n\t\t<\/div>\n\t\t\t\t\t<\/div>\n\t\t<\/section>\n\t\t\t\t\t<\/div>\n\t\t<\/div>\n\t\t\t\t<div class=\"elementor-column elementor-col-33 elementor-top-column elementor-element elementor-element-6f3d3573\" data-id=\"6f3d3573\" data-element_type=\"column\" data-e-type=\"column\">\n\t\t\t<div class=\"elementor-widget-wrap elementor-element-populated\">\n\t\t\t\t\t\t<div class=\"elementor-element elementor-element-668bc2af elementor-widget elementor-widget-ColorMag-Posts-Block-6\" data-id=\"668bc2af\" data-element_type=\"widget\" data-e-type=\"widget\" data-widget_type=\"ColorMag-Posts-Block-6.default\">\n\t\t\t\t<div class=\"elementor-widget-container\">\n\t\t\t\t\t\n\t\t<div class=\"tg-module-block tg-module-block--style-6 tg-module-wrapper\">\n\t\t\t\n\t\t<div class=\"tg-module-title-wrap\">\n\t\t\t<h4 class=\"module-title\">\n\t\t\t\t<span>Latest Posts<\/span>\n\t\t\t<\/h4>\n\t\t<\/div>\n\n\t\t\n\t\t\t<div class=\"tg-row\">\n\t\t\t\t\n\t\t\t\t\t<div class=\"tg_module_block tg_module_block--list-small tg-col-control tg-two-block\">\n\t\t\t\t\t\t\t\t\t\t\t\t\t\t\t\t\n\t\t\t\t\t\t<div class=\"tg-module-info\">\n\t\t\t\t\t\t\t\t\t<h3 class=\"tg-module-title entry-title\">\n\t\t\t<a href=\"https:\/\/www.mfg-holzland.de\/?p=7068\">Am Wahltag kein Hallenfliegen<\/a>\n\t\t<\/h3>\n\t\t\n\t\t<div class=\"tg-module-meta\">\n\t\t\t\n\t\t\t<span class=\"tg-post-date entry-date\">\n\t\t\t\t<a href=\"https:\/\/www.mfg-holzland.de\/?p=7068\" rel=\"bookmark\"><time class=\"entry-date published\" datetime=\"2026-03-12T23:58:05+01:00\">12. M\u00e4rz 2026<\/time><time class=\"updated\" datetime=\"2026-03-13T00:01:18+01:00\">13. M\u00e4rz 2026<\/time><\/a>\t\t\t<\/span>\n\n\t\t\t<span class=\"tg-post-auther-name author vcard\">\n\t\t\t\t<a class=\"url fn n\" href=\"https:\/\/www.mfg-holzland.de\/?author=1\">Heli13<\/a>\t\t\t<\/span>\n\n\t\t\t\t\t<\/div>\n\n\t\t\t\t\t\t\t\t<\/div>\n\t\t\t\t\t<\/div>\n\t\t\t\t\t\n\t\t\t\t\t<div class=\"tg_module_block tg_module_block--list-small tg-col-control tg-two-block\">\n\t\t\t\t\t\t\t\t\t\t\t\t\t\t\t\t\n\t\t\t\t\t\t<div class=\"tg-module-info\">\n\t\t\t\t\t\t\t\t\t<h3 class=\"tg-module-title entry-title\">\n\t\t\t<a href=\"https:\/\/www.mfg-holzland.de\/?p=7058\">Einladung zur Jahreshauptversammlung 2026<\/a>\n\t\t<\/h3>\n\t\t\n\t\t<div class=\"tg-module-meta\">\n\t\t\t\n\t\t\t<span class=\"tg-post-date entry-date\">\n\t\t\t\t<a href=\"https:\/\/www.mfg-holzland.de\/?p=7058\" rel=\"bookmark\"><time class=\"entry-date published\" datetime=\"2026-02-18T18:49:18+01:00\">18. Februar 2026<\/time><time class=\"updated\" datetime=\"2026-02-18T18:55:12+01:00\">18. Februar 2026<\/time><\/a>\t\t\t<\/span>\n\n\t\t\t<span class=\"tg-post-auther-name author vcard\">\n\t\t\t\t<a class=\"url fn n\" href=\"https:\/\/www.mfg-holzland.de\/?author=1\">Heli13<\/a>\t\t\t<\/span>\n\n\t\t\t\t\t<\/div>\n\n\t\t\t\t\t\t\t\t<\/div>\n\t\t\t\t\t<\/div>\n\t\t\t\t\t\n\t\t\t\t\t<div class=\"tg_module_block tg_module_block--list-small tg-col-control tg-two-block\">\n\t\t\t\t\t\t\t\t\t\t\t\t\t\t\t\t\n\t\t\t\t\t\t<div class=\"tg-module-info\">\n\t\t\t\t\t\t\t\t\t<h3 class=\"tg-module-title entry-title\">\n\t\t\t<a href=\"https:\/\/www.mfg-holzland.de\/?p=7056\">Kein Hallenfliegen am 22.02.2026<\/a>\n\t\t<\/h3>\n\t\t\n\t\t<div class=\"tg-module-meta\">\n\t\t\t\n\t\t\t<span class=\"tg-post-date entry-date\">\n\t\t\t\t<a href=\"https:\/\/www.mfg-holzland.de\/?p=7056\" rel=\"bookmark\"><time class=\"entry-date published\" datetime=\"2026-02-18T18:48:13+01:00\">18. Februar 2026<\/time><time class=\"updated\" datetime=\"2026-02-18T18:59:56+01:00\">18. Februar 2026<\/time><\/a>\t\t\t<\/span>\n\n\t\t\t<span class=\"tg-post-auther-name author vcard\">\n\t\t\t\t<a class=\"url fn n\" href=\"https:\/\/www.mfg-holzland.de\/?author=1\">Heli13<\/a>\t\t\t<\/span>\n\n\t\t\t\t\t<\/div>\n\n\t\t\t\t\t\t\t\t<\/div>\n\t\t\t\t\t<\/div>\n\t\t\t\t\t\n\t\t\t\t\t<div class=\"tg_module_block tg_module_block--list-small tg-col-control tg-two-block\">\n\t\t\t\t\t\t\t\t\t\t\t\t\t\t\t\t\n\t\t\t\t\t\t<div class=\"tg-module-info\">\n\t\t\t\t\t\t\t\t\t<h3 class=\"tg-module-title entry-title\">\n\t\t\t<a href=\"https:\/\/www.mfg-holzland.de\/?p=7042\">Aktualisierung der Termine 2026<\/a>\n\t\t<\/h3>\n\t\t\n\t\t<div class=\"tg-module-meta\">\n\t\t\t\n\t\t\t<span class=\"tg-post-date entry-date\">\n\t\t\t\t<a href=\"https:\/\/www.mfg-holzland.de\/?p=7042\" rel=\"bookmark\"><time class=\"entry-date published\" datetime=\"2026-02-15T20:08:49+01:00\">15. Februar 2026<\/time><time class=\"updated\" datetime=\"2026-02-15T20:17:30+01:00\">15. Februar 2026<\/time><\/a>\t\t\t<\/span>\n\n\t\t\t<span class=\"tg-post-auther-name author vcard\">\n\t\t\t\t<a class=\"url fn n\" href=\"https:\/\/www.mfg-holzland.de\/?author=1\">Heli13<\/a>\t\t\t<\/span>\n\n\t\t\t\t\t<\/div>\n\n\t\t\t\t\t\t\t\t<\/div>\n\t\t\t\t\t<\/div>\n\t\t\t\t\t\t\t\t<\/div>\n\t\t<\/div>\n\n\t\t\t\t\t\t<\/div>\n\t\t\t\t<\/div>\n\t\t\t\t\t<\/div>\n\t\t<\/div>\n\t\t\t\t\t<\/div>\n\t\t<\/section>\n\t\t\t\t<\/div>\n\t\t ","protected":false},"excerpt":{"rendered":"<p>Unser Flugplatz Die Start- und Landebahn ist eine Graspiste und hat die Abmessungen von ca. 135 m L\u00e4nge und 30<\/p>\n","protected":false},"author":1,"featured_media":0,"parent":0,"menu_order":0,"comment_status":"closed","ping_status":"closed","template":"page-templates\/page-builder.php","meta":{"colormag_page_container_layout":"no_sidebar_full_width","colormag_page_sidebar_layout":"no_sidebar","footnotes":""},"class_list":["post-218","page","type-page","status-publish","hentry"],"jetpack_sharing_enabled":true,"_links":{"self":[{"href":"https:\/\/www.mfg-holzland.de\/index.php?rest_route=\/wp\/v2\/pages\/218","targetHints":{"allow":["GET"]}}],"collection":[{"href":"https:\/\/www.mfg-holzland.de\/index.php?rest_route=\/wp\/v2\/pages"}],"about":[{"href":"https:\/\/www.mfg-holzland.de\/index.php?rest_route=\/wp\/v2\/types\/page"}],"author":[{"embeddable":true,"href":"https:\/\/www.mfg-holzland.de\/index.php?rest_route=\/wp\/v2\/users\/1"}],"replies":[{"embeddable":true,"href":"https:\/\/www.mfg-holzland.de\/index.php?rest_route=%2Fwp%2Fv2%2Fcomments&post=218"}],"version-history":[{"count":26,"href":"https:\/\/www.mfg-holzland.de\/index.php?rest_route=\/wp\/v2\/pages\/218\/revisions"}],"predecessor-version":[{"id":3565,"href":"https:\/\/www.mfg-holzland.de\/index.php?rest_route=\/wp\/v2\/pages\/218\/revisions\/3565"}],"wp:attachment":[{"href":"https:\/\/www.mfg-holzland.de\/index.php?rest_route=%2Fwp%2Fv2%2Fmedia&parent=218"}],"curies":[{"name":"wp","href":"https:\/\/api.w.org\/{rel}","templated":true}]}}