{"id":220,"date":"2017-12-12T09:54:00","date_gmt":"2017-12-12T09:54:00","guid":{"rendered":"https:\/\/demo.themegrill.com\/colormag-business-magazine\/?page_id=220"},"modified":"2022-01-30T19:57:34","modified_gmt":"2022-01-30T18:57:34","slug":"entrepreneurship","status":"publish","type":"page","link":"https:\/\/www.mfg-holzland.de\/?page_id=220","title":{"rendered":"Anfahrt"},"content":{"rendered":"\t\t<div data-elementor-type=\"wp-post\" data-elementor-id=\"220\" class=\"elementor elementor-220\">\n\t\t\t\t\t\t<section class=\"elementor-section elementor-top-section elementor-element elementor-element-25d04aa elementor-section-boxed elementor-section-height-default elementor-section-height-default\" data-id=\"25d04aa\" data-element_type=\"section\" data-e-type=\"section\">\n\t\t\t\t\t\t<div class=\"elementor-container elementor-column-gap-default\">\n\t\t\t\t\t<div class=\"elementor-column elementor-col-66 elementor-top-column elementor-element elementor-element-437e36a9\" data-id=\"437e36a9\" data-element_type=\"column\" data-e-type=\"column\">\n\t\t\t<div class=\"elementor-widget-wrap elementor-element-populated\">\n\t\t\t\t\t\t<div class=\"elementor-element elementor-element-1257c2eb elementor-widget elementor-widget-heading\" data-id=\"1257c2eb\" data-element_type=\"widget\" data-e-type=\"widget\" data-widget_type=\"heading.default\">\n\t\t\t\t<div class=\"elementor-widget-container\">\n\t\t\t\t\t<h2 class=\"elementor-heading-title elementor-size-xl\">Anfahrt<\/h2>\t\t\t\t<\/div>\n\t\t\t\t<\/div>\n\t\t\t\t<div class=\"elementor-element elementor-element-98a3b94 elementor-widget elementor-widget-text-editor\" data-id=\"98a3b94\" data-element_type=\"widget\" data-e-type=\"widget\" data-widget_type=\"text-editor.default\">\n\t\t\t\t<div class=\"elementor-widget-container\">\n\t\t\t\t\t\t\t\t\t<p><style>\n<!-- \/* Font Definitions *\/ @font-face {font-family:\"Cambria Math\"; panose-1:2 4 5 3 5 4 6 3 2 4; mso-font-charset:0; mso-generic-font-family:roman; mso-font-pitch:variable; mso-font-signature:-536870145 1107305727 0 0 415 0;} @font-face {font-family:Calibri; panose-1:2 15 5 2 2 2 4 3 2 4; mso-font-charset:0; mso-generic-font-family:swiss; mso-font-pitch:variable; mso-font-signature:-536859905 -1073697537 9 0 511 0;} @font-face {font-family:\"Calibri Light\"; panose-1:2 15 3 2 2 2 4 3 2 4; mso-font-charset:0; mso-generic-font-family:swiss; mso-font-pitch:variable; mso-font-signature:-536859905 -1073732485 9 0 511 0;} \/* Style Definitions *\/ p.MsoNormal, li.MsoNormal, div.MsoNormal {mso-style-unhide:no; mso-style-qformat:yes; mso-style-parent:\"\"; margin:0cm; margin-bottom:.0001pt; mso-pagination:widow-orphan; font-size:12.0pt; font-family:\"Calibri\",sans-serif; mso-ascii-font-family:Calibri; mso-ascii-theme-font:minor-latin; mso-fareast-font-family:Calibri; mso-fareast-theme-font:minor-latin; mso-hansi-font-family:Calibri; mso-hansi-theme-font:minor-latin; mso-bidi-font-family:\"Times New Roman\"; mso-bidi-theme-font:minor-bidi; mso-fareast-language:EN-US;} h5 {mso-style-noshow:yes; mso-style-priority:9; mso-style-qformat:yes; mso-style-link:\"\u00dcberschrift 5 Zchn\"; mso-style-next:Standard; margin-top:2.0pt; margin-right:0cm; margin-bottom:0cm; margin-left:0cm; margin-bottom:.0001pt; mso-pagination:widow-orphan lines-together; page-break-after:avoid; mso-outline-level:5; font-size:12.0pt; font-family:\"Calibri Light\",sans-serif; mso-ascii-font-family:\"Calibri Light\"; mso-ascii-theme-font:major-latin; mso-fareast-font-family:\"Times New Roman\"; mso-fareast-theme-font:major-fareast; mso-hansi-font-family:\"Calibri Light\"; mso-hansi-theme-font:major-latin; mso-bidi-font-family:\"Times New Roman\"; mso-bidi-theme-font:major-bidi; color:#2F5496; mso-themecolor:accent1; mso-themeshade:191; mso-fareast-language:EN-US; font-weight:normal;} span.berschrift5Zchn {mso-style-name:\"\u00dcberschrift 5 Zchn\"; mso-style-noshow:yes; mso-style-priority:9; mso-style-unhide:no; mso-style-locked:yes; mso-style-link:\"\u00dcberschrift 5\"; font-family:\"Calibri Light\",sans-serif; mso-ascii-font-family:\"Calibri Light\"; mso-ascii-theme-font:major-latin; mso-fareast-font-family:\"Times New Roman\"; mso-fareast-theme-font:major-fareast; mso-hansi-font-family:\"Calibri Light\"; mso-hansi-theme-font:major-latin; mso-bidi-font-family:\"Times New Roman\"; mso-bidi-theme-font:major-bidi; color:#2F5496; mso-themecolor:accent1; mso-themeshade:191;} .MsoChpDefault {mso-style-type:export-only; mso-default-props:yes; font-family:\"Calibri\",sans-serif; mso-ascii-font-family:Calibri; mso-ascii-theme-font:minor-latin; mso-fareast-font-family:Calibri; mso-fareast-theme-font:minor-latin; mso-hansi-font-family:Calibri; mso-hansi-theme-font:minor-latin; mso-bidi-font-family:\"Times New Roman\"; mso-bidi-theme-font:minor-bidi; mso-fareast-language:EN-US;} @page WordSection1 {size:612.0pt 792.0pt; margin:70.85pt 70.85pt 2.0cm 70.85pt; mso-header-margin:36.0pt; mso-footer-margin:36.0pt; mso-paper-source:0;} div.WordSection1 {page:WordSection1;} --><br \/><\/style><\/p><h5 style=\"text-align: left;\" align=\"center\"><span style=\"color: #000000;\"><span style=\"color: #000000;\">Das Fluggel\u00e4nde der Modellfluggruppe Holzland liegt in Geiselberg. Sie erreichen Geiselberg \u00fcber die B 270 und K 31, nur 19 km s\u00fcdlich von Kaiserslautern. Das Fluggel\u00e4nde liegt am h\u00f6chsten Punkt der Gemeinde auf dem Altland, von wo aus man einen sch\u00f6nen Ausblick \u00fcber den Pf\u00e4lzer Wald genie\u00dfen kann. Die Zufahrt ist innerorts von Geiselberg ausgeschildert.<\/span><\/span><\/h5><h5 style=\"text-align: left;\" align=\"center\"><span style=\"color: #000000;\"><span style=\"color: #000000;\">GPS-Koordinaten:<br \/>49\u00b0\u00a0 19\u2032 \u00a005\u2033 \u00a0N<br \/>07\u00b0 \u00a040\u2032 \u00a022\u2033 \u00a0E<\/span><\/span><\/h5><h5 style=\"text-align: left;\" align=\"center\"><span style=\"color: #000000;\">Von der Hauptstra\u00dfe in Geiselberg biegen Sie in die Lindenstra\u00dfe ab (Beschilderung <i>Modellflugplatz<\/i>). <br \/><\/span><\/h5><h5 style=\"text-align: left;\" align=\"center\"><span style=\"color: #000000;\">Halten Sie sich an der Gabelung rechts und Sie gelangen nach ca. 100 Metern auf einen geteerten Feldweg. Folgen Sie diesem, bis Sie nach weiteren ca. 1000 Metern und einer kurzen Fahrt auf einem klassischen Feldweg das Fluggel\u00e4nde erreichen.<\/span><\/h5>\t\t\t\t\t\t\t\t<\/div>\n\t\t\t\t<\/div>\n\t\t\t\t<div class=\"elementor-element elementor-element-6dd06c3 elementor-widget elementor-widget-google_maps\" data-id=\"6dd06c3\" data-element_type=\"widget\" data-e-type=\"widget\" data-widget_type=\"google_maps.default\">\n\t\t\t\t<div class=\"elementor-widget-container\">\n\t\t\t\t\t\t\t<div class=\"elementor-custom-embed\">\n\t\t\t<iframe loading=\"lazy\"\n\t\t\t\t\tsrc=\"https:\/\/maps.google.com\/maps?q=Geiselberg%2C%20Lindenstra%C3%9Fe&#038;t=m&#038;z=10&#038;output=embed&#038;iwloc=near\"\n\t\t\t\t\ttitle=\"Geiselberg, Lindenstra\u00dfe\"\n\t\t\t\t\taria-label=\"Geiselberg, Lindenstra\u00dfe\"\n\t\t\t><\/iframe>\n\t\t<\/div>\n\t\t\t\t\t\t<\/div>\n\t\t\t\t<\/div>\n\t\t\t\t<div class=\"elementor-element elementor-element-07157b5 elementor-widget elementor-widget-image\" data-id=\"07157b5\" data-element_type=\"widget\" data-e-type=\"widget\" data-widget_type=\"image.default\">\n\t\t\t\t<div class=\"elementor-widget-container\">\n\t\t\t\t\t\t\t\t\t\t\t\t\t\t\t<img fetchpriority=\"high\" decoding=\"async\" width=\"714\" height=\"469\" src=\"https:\/\/www.mfg-holzland.de\/wp-content\/uploads\/2020\/01\/Anfahrt-2.jpg\" class=\"attachment-large size-large wp-image-323\" alt=\"\" srcset=\"https:\/\/www.mfg-holzland.de\/wp-content\/uploads\/2020\/01\/Anfahrt-2.jpg 714w, https:\/\/www.mfg-holzland.de\/wp-content\/uploads\/2020\/01\/Anfahrt-2-300x197.jpg 300w\" sizes=\"(max-width: 714px) 100vw, 714px\" \/>\t\t\t\t\t\t\t\t\t\t\t\t\t\t\t<\/div>\n\t\t\t\t<\/div>\n\t\t\t\t\t<\/div>\n\t\t<\/div>\n\t\t\t\t<div class=\"elementor-column elementor-col-33 elementor-top-column elementor-element elementor-element-30c8a669\" data-id=\"30c8a669\" data-element_type=\"column\" data-e-type=\"column\">\n\t\t\t<div class=\"elementor-widget-wrap elementor-element-populated\">\n\t\t\t\t\t\t<div class=\"elementor-element elementor-element-20a7cdd0 elementor-widget elementor-widget-ColorMag-Posts-Block-6\" data-id=\"20a7cdd0\" data-element_type=\"widget\" data-e-type=\"widget\" data-widget_type=\"ColorMag-Posts-Block-6.default\">\n\t\t\t\t<div class=\"elementor-widget-container\">\n\t\t\t\t\t\n\t\t<div class=\"tg-module-block tg-module-block--style-6 tg-module-wrapper\">\n\t\t\t\n\t\t<div class=\"tg-module-title-wrap\">\n\t\t\t<h4 class=\"module-title\">\n\t\t\t\t<span>Latest Posts<\/span>\n\t\t\t<\/h4>\n\t\t<\/div>\n\n\t\t\n\t\t\t<div class=\"tg-row\">\n\t\t\t\t\n\t\t\t\t\t<div class=\"tg_module_block tg_module_block--list-small tg-col-control tg-two-block\">\n\t\t\t\t\t\t\t\t\t\t\t\t\t\t\t\t\n\t\t\t\t\t\t<div class=\"tg-module-info\">\n\t\t\t\t\t\t\t\t\t<h3 class=\"tg-module-title entry-title\">\n\t\t\t<a href=\"https:\/\/www.mfg-holzland.de\/?p=7068\">Am Wahltag kein Hallenfliegen<\/a>\n\t\t<\/h3>\n\t\t\n\t\t<div class=\"tg-module-meta\">\n\t\t\t\n\t\t\t<span class=\"tg-post-date entry-date\">\n\t\t\t\t<a href=\"https:\/\/www.mfg-holzland.de\/?p=7068\" rel=\"bookmark\"><time class=\"entry-date published\" datetime=\"2026-03-12T23:58:05+01:00\">12. M\u00e4rz 2026<\/time><time class=\"updated\" datetime=\"2026-03-13T00:01:18+01:00\">13. M\u00e4rz 2026<\/time><\/a>\t\t\t<\/span>\n\n\t\t\t<span class=\"tg-post-auther-name author vcard\">\n\t\t\t\t<a class=\"url fn n\" href=\"https:\/\/www.mfg-holzland.de\/?author=1\">Heli13<\/a>\t\t\t<\/span>\n\n\t\t\t\t\t<\/div>\n\n\t\t\t\t\t\t\t\t<\/div>\n\t\t\t\t\t<\/div>\n\t\t\t\t\t\n\t\t\t\t\t<div class=\"tg_module_block tg_module_block--list-small tg-col-control tg-two-block\">\n\t\t\t\t\t\t\t\t\t\t\t\t\t\t\t\t\n\t\t\t\t\t\t<div class=\"tg-module-info\">\n\t\t\t\t\t\t\t\t\t<h3 class=\"tg-module-title entry-title\">\n\t\t\t<a href=\"https:\/\/www.mfg-holzland.de\/?p=7058\">Einladung zur Jahreshauptversammlung 2026<\/a>\n\t\t<\/h3>\n\t\t\n\t\t<div class=\"tg-module-meta\">\n\t\t\t\n\t\t\t<span class=\"tg-post-date entry-date\">\n\t\t\t\t<a href=\"https:\/\/www.mfg-holzland.de\/?p=7058\" rel=\"bookmark\"><time class=\"entry-date published\" datetime=\"2026-02-18T18:49:18+01:00\">18. Februar 2026<\/time><time class=\"updated\" datetime=\"2026-02-18T18:55:12+01:00\">18. Februar 2026<\/time><\/a>\t\t\t<\/span>\n\n\t\t\t<span class=\"tg-post-auther-name author vcard\">\n\t\t\t\t<a class=\"url fn n\" href=\"https:\/\/www.mfg-holzland.de\/?author=1\">Heli13<\/a>\t\t\t<\/span>\n\n\t\t\t\t\t<\/div>\n\n\t\t\t\t\t\t\t\t<\/div>\n\t\t\t\t\t<\/div>\n\t\t\t\t\t\n\t\t\t\t\t<div class=\"tg_module_block tg_module_block--list-small tg-col-control tg-two-block\">\n\t\t\t\t\t\t\t\t\t\t\t\t\t\t\t\t\n\t\t\t\t\t\t<div class=\"tg-module-info\">\n\t\t\t\t\t\t\t\t\t<h3 class=\"tg-module-title entry-title\">\n\t\t\t<a href=\"https:\/\/www.mfg-holzland.de\/?p=7056\">Kein Hallenfliegen am 22.02.2026<\/a>\n\t\t<\/h3>\n\t\t\n\t\t<div class=\"tg-module-meta\">\n\t\t\t\n\t\t\t<span class=\"tg-post-date entry-date\">\n\t\t\t\t<a href=\"https:\/\/www.mfg-holzland.de\/?p=7056\" rel=\"bookmark\"><time class=\"entry-date published\" datetime=\"2026-02-18T18:48:13+01:00\">18. Februar 2026<\/time><time class=\"updated\" datetime=\"2026-02-18T18:59:56+01:00\">18. Februar 2026<\/time><\/a>\t\t\t<\/span>\n\n\t\t\t<span class=\"tg-post-auther-name author vcard\">\n\t\t\t\t<a class=\"url fn n\" href=\"https:\/\/www.mfg-holzland.de\/?author=1\">Heli13<\/a>\t\t\t<\/span>\n\n\t\t\t\t\t<\/div>\n\n\t\t\t\t\t\t\t\t<\/div>\n\t\t\t\t\t<\/div>\n\t\t\t\t\t\n\t\t\t\t\t<div class=\"tg_module_block tg_module_block--list-small tg-col-control tg-two-block\">\n\t\t\t\t\t\t\t\t\t\t\t\t\t\t\t\t\n\t\t\t\t\t\t<div class=\"tg-module-info\">\n\t\t\t\t\t\t\t\t\t<h3 class=\"tg-module-title entry-title\">\n\t\t\t<a href=\"https:\/\/www.mfg-holzland.de\/?p=7042\">Aktualisierung der Termine 2026<\/a>\n\t\t<\/h3>\n\t\t\n\t\t<div class=\"tg-module-meta\">\n\t\t\t\n\t\t\t<span class=\"tg-post-date entry-date\">\n\t\t\t\t<a href=\"https:\/\/www.mfg-holzland.de\/?p=7042\" rel=\"bookmark\"><time class=\"entry-date published\" datetime=\"2026-02-15T20:08:49+01:00\">15. Februar 2026<\/time><time class=\"updated\" datetime=\"2026-02-15T20:17:30+01:00\">15. Februar 2026<\/time><\/a>\t\t\t<\/span>\n\n\t\t\t<span class=\"tg-post-auther-name author vcard\">\n\t\t\t\t<a class=\"url fn n\" href=\"https:\/\/www.mfg-holzland.de\/?author=1\">Heli13<\/a>\t\t\t<\/span>\n\n\t\t\t\t\t<\/div>\n\n\t\t\t\t\t\t\t\t<\/div>\n\t\t\t\t\t<\/div>\n\t\t\t\t\t\t\t\t<\/div>\n\t\t<\/div>\n\n\t\t\t\t\t\t<\/div>\n\t\t\t\t<\/div>\n\t\t\t\t\t<\/div>\n\t\t<\/div>\n\t\t\t\t\t<\/div>\n\t\t<\/section>\n\t\t\t\t<\/div>\n\t\t ","protected":false},"excerpt":{"rendered":"<p>Anfahrt Das Fluggel\u00e4nde der Modellfluggruppe Holzland liegt in Geiselberg. Sie erreichen Geiselberg \u00fcber die B 270 und K 31, nur<\/p>\n","protected":false},"author":1,"featured_media":0,"parent":0,"menu_order":0,"comment_status":"closed","ping_status":"closed","template":"page-templates\/page-builder.php","meta":{"colormag_page_container_layout":"no_sidebar_full_width","colormag_page_sidebar_layout":"no_sidebar","footnotes":""},"class_list":["post-220","page","type-page","status-publish","hentry"],"jetpack_sharing_enabled":true,"_links":{"self":[{"href":"https:\/\/www.mfg-holzland.de\/index.php?rest_route=\/wp\/v2\/pages\/220","targetHints":{"allow":["GET"]}}],"collection":[{"href":"https:\/\/www.mfg-holzland.de\/index.php?rest_route=\/wp\/v2\/pages"}],"about":[{"href":"https:\/\/www.mfg-holzland.de\/index.php?rest_route=\/wp\/v2\/types\/page"}],"author":[{"embeddable":true,"href":"https:\/\/www.mfg-holzland.de\/index.php?rest_route=\/wp\/v2\/users\/1"}],"replies":[{"embeddable":true,"href":"https:\/\/www.mfg-holzland.de\/index.php?rest_route=%2Fwp%2Fv2%2Fcomments&post=220"}],"version-history":[{"count":20,"href":"https:\/\/www.mfg-holzland.de\/index.php?rest_route=\/wp\/v2\/pages\/220\/revisions"}],"predecessor-version":[{"id":3547,"href":"https:\/\/www.mfg-holzland.de\/index.php?rest_route=\/wp\/v2\/pages\/220\/revisions\/3547"}],"wp:attachment":[{"href":"https:\/\/www.mfg-holzland.de\/index.php?rest_route=%2Fwp%2Fv2%2Fmedia&parent=220"}],"curies":[{"name":"wp","href":"https:\/\/api.w.org\/{rel}","templated":true}]}}