{"id":3704,"date":"2022-02-19T19:46:35","date_gmt":"2022-02-19T18:46:35","guid":{"rendered":"https:\/\/www.mfg-holzland.de\/?page_id=3704"},"modified":"2022-02-20T18:36:07","modified_gmt":"2022-02-20T17:36:07","slug":"tragflaechentaschen","status":"publish","type":"page","link":"https:\/\/www.mfg-holzland.de\/?page_id=3704","title":{"rendered":"Tragfl\u00e4chentaschen"},"content":{"rendered":"\t\t<div data-elementor-type=\"wp-page\" data-elementor-id=\"3704\" class=\"elementor elementor-3704\">\n\t\t\t\t\t\t<section class=\"elementor-section elementor-top-section elementor-element elementor-element-7beac40 elementor-section-boxed elementor-section-height-default elementor-section-height-default\" data-id=\"7beac40\" data-element_type=\"section\" data-e-type=\"section\">\n\t\t\t\t\t\t<div class=\"elementor-container elementor-column-gap-default\">\n\t\t\t\t\t<div class=\"elementor-column elementor-col-100 elementor-top-column elementor-element elementor-element-6a97cb6\" data-id=\"6a97cb6\" data-element_type=\"column\" data-e-type=\"column\">\n\t\t\t<div class=\"elementor-widget-wrap elementor-element-populated\">\n\t\t\t\t\t\t<div class=\"elementor-element elementor-element-f3bd3cd elementor-widget elementor-widget-heading\" data-id=\"f3bd3cd\" data-element_type=\"widget\" data-e-type=\"widget\" data-widget_type=\"heading.default\">\n\t\t\t\t<div class=\"elementor-widget-container\">\n\t\t\t\t\t<h2 class=\"elementor-heading-title elementor-size-default\">Tragfl\u00e4chentaschen selbst herstellen<\/h2>\t\t\t\t<\/div>\n\t\t\t\t<\/div>\n\t\t\t\t\t<\/div>\n\t\t<\/div>\n\t\t\t\t\t<\/div>\n\t\t<\/section>\n\t\t\t\t<section class=\"elementor-section elementor-top-section elementor-element elementor-element-359e0af elementor-section-boxed elementor-section-height-default elementor-section-height-default\" data-id=\"359e0af\" data-element_type=\"section\" data-e-type=\"section\">\n\t\t\t\t\t\t<div class=\"elementor-container elementor-column-gap-default\">\n\t\t\t\t\t<div class=\"elementor-column elementor-col-100 elementor-top-column elementor-element elementor-element-88ad3db\" data-id=\"88ad3db\" data-element_type=\"column\" data-e-type=\"column\">\n\t\t\t<div class=\"elementor-widget-wrap elementor-element-populated\">\n\t\t\t\t\t\t<div class=\"elementor-element elementor-element-c55f651 elementor-widget elementor-widget-text-editor\" data-id=\"c55f651\" data-element_type=\"widget\" data-e-type=\"widget\" data-widget_type=\"text-editor.default\">\n\t\t\t\t<div class=\"elementor-widget-container\">\n\t\t\t\t\t\t\t\t\t<p>Anbei eine Anleitung zur Herstellung von Tragfl\u00e4chentaschen. Vielen Dank an Hans-Peter.<\/p>\t\t\t\t\t\t\t\t<\/div>\n\t\t\t\t<\/div>\n\t\t\t\t<div class=\"elementor-element elementor-element-ff75cda elementor-widget elementor-widget-spacer\" data-id=\"ff75cda\" data-element_type=\"widget\" data-e-type=\"widget\" data-widget_type=\"spacer.default\">\n\t\t\t\t<div class=\"elementor-widget-container\">\n\t\t\t\t\t\t\t<div class=\"elementor-spacer\">\n\t\t\t<div class=\"elementor-spacer-inner\"><\/div>\n\t\t<\/div>\n\t\t\t\t\t\t<\/div>\n\t\t\t\t<\/div>\n\t\t\t\t\t<\/div>\n\t\t<\/div>\n\t\t\t\t\t<\/div>\n\t\t<\/section>\n\t\t\t\t<section class=\"elementor-section elementor-top-section elementor-element elementor-element-b82ed71 elementor-section-boxed elementor-section-height-default elementor-section-height-default\" data-id=\"b82ed71\" data-element_type=\"section\" data-e-type=\"section\">\n\t\t\t\t\t\t<div class=\"elementor-container elementor-column-gap-default\">\n\t\t\t\t\t<div class=\"elementor-column elementor-col-100 elementor-top-column elementor-element elementor-element-1470f13\" data-id=\"1470f13\" data-element_type=\"column\" data-e-type=\"column\">\n\t\t\t<div class=\"elementor-widget-wrap elementor-element-populated\">\n\t\t\t\t\t\t<div class=\"elementor-element elementor-element-0be7828 elementor-widget elementor-widget-image-gallery\" data-id=\"0be7828\" data-element_type=\"widget\" data-e-type=\"widget\" data-widget_type=\"image-gallery.default\">\n\t\t\t\t<div class=\"elementor-widget-container\">\n\t\t\t\t\t\t\t<div class=\"elementor-image-gallery\">\n\t\t\t<div id='gallery-1' class='gallery galleryid-3704 gallery-columns-4 gallery-size-thumbnail'><figure class='gallery-item'>\n\t\t\t<div class='gallery-icon portrait'>\n\t\t\t\t<a data-elementor-open-lightbox=\"yes\" data-elementor-lightbox-slideshow=\"0be7828\" data-elementor-lightbox-title=\"Tragfla\u0308chentaschen selbst herstellen v2hbS1\" data-e-action-hash=\"#elementor-action%3Aaction%3Dlightbox%26settings%3DeyJpZCI6Mzc5NCwidXJsIjoiaHR0cHM6XC9cL3d3dy5tZmctaG9semxhbmQuZGVcL3dwLWNvbnRlbnRcL3VwbG9hZHNcLzIwMjJcLzAyXC9UcmFnZmxhXHUwMzA4Y2hlbnRhc2NoZW4tc2VsYnN0LWhlcnN0ZWxsZW4tdjJoYlMxLTEuanBnIiwic2xpZGVzaG93IjoiMGJlNzgyOCJ9\" href='https:\/\/www.mfg-holzland.de\/wp-content\/uploads\/2022\/02\/Tragfla\u0308chentaschen-selbst-herstellen-v2hbS1-1.jpg'><img decoding=\"async\" width=\"150\" height=\"150\" src=\"https:\/\/www.mfg-holzland.de\/wp-content\/uploads\/2022\/02\/Tragfla\u0308chentaschen-selbst-herstellen-v2hbS1-1-150x150.jpg\" class=\"attachment-thumbnail size-thumbnail\" alt=\"\" aria-describedby=\"gallery-1-3794\" \/><\/a>\n\t\t\t<\/div>\n\t\t\t\t<figcaption class='wp-caption-text gallery-caption' id='gallery-1-3794'>\n\t\t\t\tTragfl\u00e4chentaschen\n\t\t\t\t<\/figcaption><\/figure><figure class='gallery-item'>\n\t\t\t<div class='gallery-icon portrait'>\n\t\t\t\t<a data-elementor-open-lightbox=\"yes\" data-elementor-lightbox-slideshow=\"0be7828\" data-elementor-lightbox-title=\"Tragfla\u0308chentaschen selbst herstellen v2hb00002\" data-e-action-hash=\"#elementor-action%3Aaction%3Dlightbox%26settings%3DeyJpZCI6Mzc5NSwidXJsIjoiaHR0cHM6XC9cL3d3dy5tZmctaG9semxhbmQuZGVcL3dwLWNvbnRlbnRcL3VwbG9hZHNcLzIwMjJcLzAyXC9UcmFnZmxhXHUwMzA4Y2hlbnRhc2NoZW4tc2VsYnN0LWhlcnN0ZWxsZW4tdjJoYjAwMDAyLmpwZyIsInNsaWRlc2hvdyI6IjBiZTc4MjgifQ%3D%3D\" href='https:\/\/www.mfg-holzland.de\/wp-content\/uploads\/2022\/02\/Tragfla\u0308chentaschen-selbst-herstellen-v2hb00002.jpg'><img decoding=\"async\" width=\"150\" height=\"150\" src=\"https:\/\/www.mfg-holzland.de\/wp-content\/uploads\/2022\/02\/Tragfla\u0308chentaschen-selbst-herstellen-v2hb00002-150x150.jpg\" class=\"attachment-thumbnail size-thumbnail\" alt=\"\" aria-describedby=\"gallery-1-3795\" \/><\/a>\n\t\t\t<\/div>\n\t\t\t\t<figcaption class='wp-caption-text gallery-caption' id='gallery-1-3795'>\n\t\t\t\tTragfl\u00e4chentaschen\n\t\t\t\t<\/figcaption><\/figure><figure class='gallery-item'>\n\t\t\t<div class='gallery-icon portrait'>\n\t\t\t\t<a data-elementor-open-lightbox=\"yes\" data-elementor-lightbox-slideshow=\"0be7828\" data-elementor-lightbox-title=\"Tragfla\u0308chentaschen selbst herstellen v2hb00003\" data-e-action-hash=\"#elementor-action%3Aaction%3Dlightbox%26settings%3DeyJpZCI6Mzc5NiwidXJsIjoiaHR0cHM6XC9cL3d3dy5tZmctaG9semxhbmQuZGVcL3dwLWNvbnRlbnRcL3VwbG9hZHNcLzIwMjJcLzAyXC9UcmFnZmxhXHUwMzA4Y2hlbnRhc2NoZW4tc2VsYnN0LWhlcnN0ZWxsZW4tdjJoYjAwMDAzLmpwZyIsInNsaWRlc2hvdyI6IjBiZTc4MjgifQ%3D%3D\" href='https:\/\/www.mfg-holzland.de\/wp-content\/uploads\/2022\/02\/Tragfla\u0308chentaschen-selbst-herstellen-v2hb00003.jpg'><img decoding=\"async\" width=\"150\" height=\"150\" src=\"https:\/\/www.mfg-holzland.de\/wp-content\/uploads\/2022\/02\/Tragfla\u0308chentaschen-selbst-herstellen-v2hb00003-150x150.jpg\" class=\"attachment-thumbnail size-thumbnail\" alt=\"\" aria-describedby=\"gallery-1-3796\" \/><\/a>\n\t\t\t<\/div>\n\t\t\t\t<figcaption class='wp-caption-text gallery-caption' id='gallery-1-3796'>\n\t\t\t\tTragfl\u00e4chentaschen\n\t\t\t\t<\/figcaption><\/figure><figure class='gallery-item'>\n\t\t\t<div class='gallery-icon portrait'>\n\t\t\t\t<a data-elementor-open-lightbox=\"yes\" data-elementor-lightbox-slideshow=\"0be7828\" data-elementor-lightbox-title=\"Tragfla\u0308chentaschen selbst herstellen v2hb00004\" data-e-action-hash=\"#elementor-action%3Aaction%3Dlightbox%26settings%3DeyJpZCI6Mzc5NywidXJsIjoiaHR0cHM6XC9cL3d3dy5tZmctaG9semxhbmQuZGVcL3dwLWNvbnRlbnRcL3VwbG9hZHNcLzIwMjJcLzAyXC9UcmFnZmxhXHUwMzA4Y2hlbnRhc2NoZW4tc2VsYnN0LWhlcnN0ZWxsZW4tdjJoYjAwMDA0LmpwZyIsInNsaWRlc2hvdyI6IjBiZTc4MjgifQ%3D%3D\" href='https:\/\/www.mfg-holzland.de\/wp-content\/uploads\/2022\/02\/Tragfla\u0308chentaschen-selbst-herstellen-v2hb00004.jpg'><img loading=\"lazy\" decoding=\"async\" width=\"150\" height=\"150\" src=\"https:\/\/www.mfg-holzland.de\/wp-content\/uploads\/2022\/02\/Tragfla\u0308chentaschen-selbst-herstellen-v2hb00004-150x150.jpg\" class=\"attachment-thumbnail size-thumbnail\" alt=\"\" aria-describedby=\"gallery-1-3797\" \/><\/a>\n\t\t\t<\/div>\n\t\t\t\t<figcaption class='wp-caption-text gallery-caption' id='gallery-1-3797'>\n\t\t\t\tTragfl\u00e4chentaschen\n\t\t\t\t<\/figcaption><\/figure>\n\t\t<\/div>\n\t\t<\/div>\n\t\t\t\t\t\t<\/div>\n\t\t\t\t<\/div>\n\t\t\t\t<div class=\"elementor-element elementor-element-3a0f5c4 elementor-widget-divider--view-line elementor-widget elementor-widget-divider\" data-id=\"3a0f5c4\" data-element_type=\"widget\" data-e-type=\"widget\" data-widget_type=\"divider.default\">\n\t\t\t\t<div class=\"elementor-widget-container\">\n\t\t\t\t\t\t\t<div class=\"elementor-divider\">\n\t\t\t<span class=\"elementor-divider-separator\">\n\t\t\t\t\t\t<\/span>\n\t\t<\/div>\n\t\t\t\t\t\t<\/div>\n\t\t\t\t<\/div>\n\t\t\t\t<div class=\"elementor-element elementor-element-255a8fe elementor-widget elementor-widget-image\" data-id=\"255a8fe\" data-element_type=\"widget\" data-e-type=\"widget\" data-widget_type=\"image.default\">\n\t\t\t\t<div class=\"elementor-widget-container\">\n\t\t\t\t\t\t\t\t\t\t\t\t<figure class=\"wp-caption\">\n\t\t\t\t\t\t\t\t\t\t\t<a href=\"https:\/\/www.mfg-holzland.de\/wp-content\/uploads\/2022\/02\/20220220_11Taschenbeispiel-scaled.jpg\" data-elementor-open-lightbox=\"yes\" data-elementor-lightbox-title=\"20220220_11Taschenbeispiel\" data-e-action-hash=\"#elementor-action%3Aaction%3Dlightbox%26settings%3DeyJpZCI6Mzc0MywidXJsIjoiaHR0cHM6XC9cL3d3dy5tZmctaG9semxhbmQuZGVcL3dwLWNvbnRlbnRcL3VwbG9hZHNcLzIwMjJcLzAyXC8yMDIyMDIyMF8xMVRhc2NoZW5iZWlzcGllbC1zY2FsZWQuanBnIn0%3D\">\n\t\t\t\t\t\t\t<img loading=\"lazy\" decoding=\"async\" width=\"768\" height=\"1024\" src=\"https:\/\/www.mfg-holzland.de\/wp-content\/uploads\/2022\/02\/20220220_11Taschenbeispiel-768x1024.jpg\" class=\"attachment-large size-large wp-image-3743\" alt=\"\" srcset=\"https:\/\/www.mfg-holzland.de\/wp-content\/uploads\/2022\/02\/20220220_11Taschenbeispiel-768x1024.jpg 768w, https:\/\/www.mfg-holzland.de\/wp-content\/uploads\/2022\/02\/20220220_11Taschenbeispiel-225x300.jpg 225w, https:\/\/www.mfg-holzland.de\/wp-content\/uploads\/2022\/02\/20220220_11Taschenbeispiel-1152x1536.jpg 1152w, https:\/\/www.mfg-holzland.de\/wp-content\/uploads\/2022\/02\/20220220_11Taschenbeispiel-1536x2048.jpg 1536w, https:\/\/www.mfg-holzland.de\/wp-content\/uploads\/2022\/02\/20220220_11Taschenbeispiel-scaled.jpg 1920w\" sizes=\"(max-width: 768px) 100vw, 768px\" \/>\t\t\t\t\t\t\t\t<\/a>\n\t\t\t\t\t\t\t\t\t\t\t<figcaption class=\"widget-image-caption wp-caption-text\">Tragfl\u00e4chentaschen gepolstert<\/figcaption>\n\t\t\t\t\t\t\t\t\t\t<\/figure>\n\t\t\t\t\t\t\t\t\t<\/div>\n\t\t\t\t<\/div>\n\t\t\t\t\t<\/div>\n\t\t<\/div>\n\t\t\t\t\t<\/div>\n\t\t<\/section>\n\t\t\t\t<\/div>\n\t\t ","protected":false},"excerpt":{"rendered":"<p>Tragfl\u00e4chentaschen selbst herstellen Anbei eine Anleitung zur Herstellung von Tragfl\u00e4chentaschen. Vielen Dank an Hans-Peter. Tragfl\u00e4chentaschen Tragfl\u00e4chentaschen Tragfl\u00e4chentaschen Tragfl\u00e4chentaschen Tragfl\u00e4chentaschen gepolstert<\/p>\n","protected":false},"author":1,"featured_media":0,"parent":0,"menu_order":0,"comment_status":"closed","ping_status":"closed","template":"","meta":{"colormag_page_container_layout":"default_layout","colormag_page_sidebar_layout":"default_layout","footnotes":""},"class_list":["post-3704","page","type-page","status-publish","hentry"],"jetpack_sharing_enabled":true,"_links":{"self":[{"href":"https:\/\/www.mfg-holzland.de\/index.php?rest_route=\/wp\/v2\/pages\/3704","targetHints":{"allow":["GET"]}}],"collection":[{"href":"https:\/\/www.mfg-holzland.de\/index.php?rest_route=\/wp\/v2\/pages"}],"about":[{"href":"https:\/\/www.mfg-holzland.de\/index.php?rest_route=\/wp\/v2\/types\/page"}],"author":[{"embeddable":true,"href":"https:\/\/www.mfg-holzland.de\/index.php?rest_route=\/wp\/v2\/users\/1"}],"replies":[{"embeddable":true,"href":"https:\/\/www.mfg-holzland.de\/index.php?rest_route=%2Fwp%2Fv2%2Fcomments&post=3704"}],"version-history":[{"count":36,"href":"https:\/\/www.mfg-holzland.de\/index.php?rest_route=\/wp\/v2\/pages\/3704\/revisions"}],"predecessor-version":[{"id":3801,"href":"https:\/\/www.mfg-holzland.de\/index.php?rest_route=\/wp\/v2\/pages\/3704\/revisions\/3801"}],"wp:attachment":[{"href":"https:\/\/www.mfg-holzland.de\/index.php?rest_route=%2Fwp%2Fv2%2Fmedia&parent=3704"}],"curies":[{"name":"wp","href":"https:\/\/api.w.org\/{rel}","templated":true}]}}